{"id":1085,"date":"2018-10-11T18:12:11","date_gmt":"2018-10-11T18:12:11","guid":{"rendered":"https:\/\/sunway.freevision.me\/?page_id=1085"},"modified":"2024-06-19T15:51:19","modified_gmt":"2024-06-19T15:51:19","slug":"galeri","status":"publish","type":"page","link":"https:\/\/www.eylulinnhouse.com\/en\/galeri\/","title":{"rendered":"Galeri"},"content":{"rendered":"<div class=\"vc_row wpb_row vc_row-fluid vc_column-gap-0\"><div class=\"wpb_column vc_column_container vc_col-sm-12 vc_hidden-lg vc_hidden-md vc_hidden-sm vc_hidden-xs\"><div class=\"vc_column-inner\"><div class=\"wpb_wrapper\">\n\t<div class=\"wpb_video_widget wpb_content_element vc_clearfix   vc_video-aspect-ratio-169 vc_video-el-width-50 vc_video-align-center\" >\n\t\t<div class=\"wpb_wrapper\">\n\t\t\t<h2 class=\"wpb_heading wpb_video_heading\">Tan\u0131t\u0131m Videosu<\/h2>\n\t\t\t<div class=\"wpb_video_wrapper\"><iframe title=\"K\u00fc\u00e7\u00fckkuyu nas\u0131l bir yer? | Tatile gelmeden mutlaka izleyin..\" width=\"1212\" height=\"682\" src=\"https:\/\/www.youtube.com\/embed\/5oz0w4KMd-s?feature=oembed\" frameborder=\"0\" allow=\"accelerometer; autoplay; clipboard-write; encrypted-media; gyroscope; picture-in-picture; web-share\" referrerpolicy=\"strict-origin-when-cross-origin\" allowfullscreen><\/iframe><\/div>\n\t\t<\/div>\n\t<\/div>\n<\/div><\/div><\/div><\/div><div class=\"vc_row wpb_row vc_row-fluid vc_column-gap-0\"><div class=\"wpb_column vc_column_container vc_col-sm-12 vc_hidden-lg vc_hidden-md vc_hidden-sm vc_hidden-xs\"><div class=\"vc_column-inner\"><div class=\"wpb_wrapper\">\n\t<div class=\"wpb_video_widget wpb_content_element vc_clearfix   vc_video-aspect-ratio-169 vc_video-el-width-100 vc_video-align-center\" >\n\t\t<div class=\"wpb_wrapper\">\n\t\t\t<h2 class=\"wpb_heading wpb_video_heading\">Tan\u0131t\u0131m Videosu<\/h2>\n\t\t\t<div class=\"wpb_video_wrapper\"><iframe title=\"K\u00fc\u00e7\u00fckkuyu nas\u0131l bir yer? | Tatile gelmeden mutlaka izleyin..\" width=\"1212\" height=\"682\" src=\"https:\/\/www.youtube.com\/embed\/5oz0w4KMd-s?feature=oembed\" frameborder=\"0\" allow=\"accelerometer; autoplay; clipboard-write; encrypted-media; gyroscope; picture-in-picture; web-share\" referrerpolicy=\"strict-origin-when-cross-origin\" allowfullscreen><\/iframe><\/div>\n\t\t<\/div>\n\t<\/div>\n<\/div><\/div><\/div><\/div><div class=\"vc_row wpb_row vc_row-fluid vc_custom_1539281504374 vc_column-gap-0\"><div class=\"wpb_column vc_column_container vc_col-sm-12\"><div class=\"vc_column-inner\"><div class=\"wpb_wrapper\"><h1 style=\"text-align: center\" class=\"vc_custom_heading\" >FOTO\u011eRAF GALER\u0130S\u0130<\/h1><p style=\"text-align: center\" class=\"vc_custom_heading\" >Eyl\u00fcl Inn House<\/p><\/div><\/div><\/div><\/div><div data-vc-full-width=\"true\" data-vc-full-width-init=\"false\" data-vc-stretch-content=\"true\" class=\"vc_row wpb_row vc_row-fluid vc_custom_1543003480752 vc_column-gap-0\"><div class=\"wpb_column vc_column_container vc_col-sm-12\"><div class=\"vc_column-inner\"><div class=\"wpb_wrapper\"><ul class=\"ozy-mosaic_gallery\" id=\"mosaic-gallery-1\"><div class=\"grid-sizer\"><\/div><div class=\"gutter-sizer\"><\/div><li class=\"gallery-item\"><a href=\"https:\/\/www.eylulinnhouse.com\/wp-content\/uploads\/2024\/06\/e13-scaled.jpg\"><img src=\"https:\/\/www.eylulinnhouse.com\/wp-content\/uploads\/2024\/06\/e13-768x1024.jpg\" alt=\"\"\/><span><\/span><\/a><\/li><li class=\"gallery-item\"><a href=\"https:\/\/www.eylulinnhouse.com\/wp-content\/uploads\/2024\/06\/e14-scaled.jpg\"><img src=\"https:\/\/www.eylulinnhouse.com\/wp-content\/uploads\/2024\/06\/e14-768x1024.jpg\" alt=\"\"\/><span><\/span><\/a><\/li><li class=\"gallery-item\"><a href=\"https:\/\/www.eylulinnhouse.com\/wp-content\/uploads\/2024\/06\/e15-scaled.jpg\"><img src=\"https:\/\/www.eylulinnhouse.com\/wp-content\/uploads\/2024\/06\/e15-768x1024.jpg\" alt=\"\"\/><span><\/span><\/a><\/li><li class=\"gallery-item\"><a href=\"https:\/\/www.eylulinnhouse.com\/wp-content\/uploads\/2024\/06\/e16-scaled.jpg\"><img src=\"https:\/\/www.eylulinnhouse.com\/wp-content\/uploads\/2024\/06\/e16-768x1024.jpg\" alt=\"\"\/><span><\/span><\/a><\/li><li class=\"gallery-item\"><a href=\"https:\/\/www.eylulinnhouse.com\/wp-content\/uploads\/2024\/06\/e17-scaled.jpg\"><img src=\"https:\/\/www.eylulinnhouse.com\/wp-content\/uploads\/2024\/06\/e17-768x1024.jpg\" alt=\"\"\/><span><\/span><\/a><\/li><li class=\"gallery-item\"><a href=\"https:\/\/www.eylulinnhouse.com\/wp-content\/uploads\/2024\/06\/e18-scaled.jpg\"><img src=\"https:\/\/www.eylulinnhouse.com\/wp-content\/uploads\/2024\/06\/e18-768x1024.jpg\" alt=\"\"\/><span><\/span><\/a><\/li><li class=\"gallery-item\"><a href=\"https:\/\/www.eylulinnhouse.com\/wp-content\/uploads\/2024\/06\/e19-scaled.jpg\"><img src=\"https:\/\/www.eylulinnhouse.com\/wp-content\/uploads\/2024\/06\/e19-768x1024.jpg\" alt=\"\"\/><span><\/span><\/a><\/li><li class=\"gallery-item\"><a href=\"https:\/\/www.eylulinnhouse.com\/wp-content\/uploads\/2024\/06\/e20-scaled.jpg\"><img src=\"https:\/\/www.eylulinnhouse.com\/wp-content\/uploads\/2024\/06\/e20-768x1024.jpg\" alt=\"\"\/><span><\/span><\/a><\/li><li class=\"gallery-item\"><a href=\"https:\/\/www.eylulinnhouse.com\/wp-content\/uploads\/2024\/06\/MG_4221-scaled.jpg\"><img src=\"https:\/\/www.eylulinnhouse.com\/wp-content\/uploads\/2024\/06\/MG_4221-1024x683.jpg\" alt=\"\"\/><span><\/span><\/a><\/li><li class=\"gallery-item\"><a href=\"https:\/\/www.eylulinnhouse.com\/wp-content\/uploads\/2024\/06\/MG_4164-scaled.jpg\"><img src=\"https:\/\/www.eylulinnhouse.com\/wp-content\/uploads\/2024\/06\/MG_4164-1024x683.jpg\" alt=\"\"\/><span><\/span><\/a><\/li><li class=\"gallery-item\"><a href=\"https:\/\/www.eylulinnhouse.com\/wp-content\/uploads\/2024\/06\/MG_4155-scaled.jpg\"><img src=\"https:\/\/www.eylulinnhouse.com\/wp-content\/uploads\/2024\/06\/MG_4155-1024x683.jpg\" alt=\"\"\/><span><\/span><\/a><\/li><li class=\"gallery-item\"><a href=\"https:\/\/www.eylulinnhouse.com\/wp-content\/uploads\/2024\/06\/MG_4138-scaled.jpg\"><img src=\"https:\/\/www.eylulinnhouse.com\/wp-content\/uploads\/2024\/06\/MG_4138-683x1024.jpg\" alt=\"\"\/><span><\/span><\/a><\/li><li class=\"gallery-item\"><a href=\"https:\/\/www.eylulinnhouse.com\/wp-content\/uploads\/2024\/06\/MG_4123-scaled.jpg\"><img src=\"https:\/\/www.eylulinnhouse.com\/wp-content\/uploads\/2024\/06\/MG_4123-1024x683.jpg\" alt=\"\"\/><span><\/span><\/a><\/li><li class=\"gallery-item\"><a href=\"https:\/\/www.eylulinnhouse.com\/wp-content\/uploads\/2024\/06\/MG_4253-1-scaled.jpg\"><img src=\"https:\/\/www.eylulinnhouse.com\/wp-content\/uploads\/2024\/06\/MG_4253-1-1024x683.jpg\" alt=\"\"\/><span><\/span><\/a><\/li><li class=\"gallery-item\"><a href=\"https:\/\/www.eylulinnhouse.com\/wp-content\/uploads\/2024\/06\/MG_4212-scaled.jpg\"><img src=\"https:\/\/www.eylulinnhouse.com\/wp-content\/uploads\/2024\/06\/MG_4212-683x1024.jpg\" alt=\"\"\/><span><\/span><\/a><\/li><li class=\"gallery-item\"><a href=\"https:\/\/www.eylulinnhouse.com\/wp-content\/uploads\/2024\/06\/MG_4295-scaled.jpg\"><img src=\"https:\/\/www.eylulinnhouse.com\/wp-content\/uploads\/2024\/06\/MG_4295-683x1024.jpg\" alt=\"\"\/><span><\/span><\/a><\/li><li class=\"gallery-item\"><a href=\"https:\/\/www.eylulinnhouse.com\/wp-content\/uploads\/2024\/06\/MG_4300-scaled.jpg\"><img src=\"https:\/\/www.eylulinnhouse.com\/wp-content\/uploads\/2024\/06\/MG_4300-683x1024.jpg\" alt=\"\"\/><span><\/span><\/a><\/li><li class=\"gallery-item\"><a href=\"https:\/\/www.eylulinnhouse.com\/wp-content\/uploads\/2024\/06\/MG_4001-scaled.jpg\"><img src=\"https:\/\/www.eylulinnhouse.com\/wp-content\/uploads\/2024\/06\/MG_4001-1024x683.jpg\" alt=\"\"\/><span><\/span><\/a><\/li><li class=\"gallery-item\"><a href=\"https:\/\/www.eylulinnhouse.com\/wp-content\/uploads\/2024\/06\/MG_4012-scaled.jpg\"><img src=\"https:\/\/www.eylulinnhouse.com\/wp-content\/uploads\/2024\/06\/MG_4012-1024x683.jpg\" alt=\"\"\/><span><\/span><\/a><\/li><li class=\"gallery-item\"><a href=\"https:\/\/www.eylulinnhouse.com\/wp-content\/uploads\/2024\/06\/MG_3995-scaled.jpg\"><img src=\"https:\/\/www.eylulinnhouse.com\/wp-content\/uploads\/2024\/06\/MG_3995-683x1024.jpg\" alt=\"\"\/><span><\/span><\/a><\/li><li class=\"gallery-item\"><a href=\"https:\/\/www.eylulinnhouse.com\/wp-content\/uploads\/2024\/06\/MG_3991-scaled.jpg\"><img src=\"https:\/\/www.eylulinnhouse.com\/wp-content\/uploads\/2024\/06\/MG_3991-683x1024.jpg\" alt=\"\"\/><span><\/span><\/a><\/li><li class=\"gallery-item\"><a href=\"https:\/\/www.eylulinnhouse.com\/wp-content\/uploads\/2024\/06\/MG_3972-scaled.jpg\"><img src=\"https:\/\/www.eylulinnhouse.com\/wp-content\/uploads\/2024\/06\/MG_3972-1024x683.jpg\" alt=\"\"\/><span><\/span><\/a><\/li><li class=\"gallery-item\"><a href=\"https:\/\/www.eylulinnhouse.com\/wp-content\/uploads\/2024\/06\/E1-scaled.jpg\"><img src=\"https:\/\/www.eylulinnhouse.com\/wp-content\/uploads\/2024\/06\/E1-1024x768.jpg\" alt=\"\"\/><span><\/span><\/a><\/li><li class=\"gallery-item\"><a href=\"https:\/\/www.eylulinnhouse.com\/wp-content\/uploads\/2024\/06\/e2-scaled.jpg\"><img src=\"https:\/\/www.eylulinnhouse.com\/wp-content\/uploads\/2024\/06\/e2-768x1024.jpg\" alt=\"\"\/><span><\/span><\/a><\/li><li class=\"gallery-item\"><a href=\"https:\/\/www.eylulinnhouse.com\/wp-content\/uploads\/2024\/06\/e3-scaled.jpg\"><img src=\"https:\/\/www.eylulinnhouse.com\/wp-content\/uploads\/2024\/06\/e3-768x1024.jpg\" alt=\"\"\/><span><\/span><\/a><\/li><li class=\"gallery-item\"><a href=\"https:\/\/www.eylulinnhouse.com\/wp-content\/uploads\/2024\/06\/e4-scaled.jpg\"><img src=\"https:\/\/www.eylulinnhouse.com\/wp-content\/uploads\/2024\/06\/e4-768x1024.jpg\" alt=\"\"\/><span><\/span><\/a><\/li><li class=\"gallery-item\"><a href=\"https:\/\/www.eylulinnhouse.com\/wp-content\/uploads\/2024\/06\/e5-scaled.jpg\"><img src=\"https:\/\/www.eylulinnhouse.com\/wp-content\/uploads\/2024\/06\/e5-768x1024.jpg\" alt=\"\"\/><span><\/span><\/a><\/li><li class=\"gallery-item\"><a href=\"https:\/\/www.eylulinnhouse.com\/wp-content\/uploads\/2024\/06\/e6-scaled.jpg\"><img src=\"https:\/\/www.eylulinnhouse.com\/wp-content\/uploads\/2024\/06\/e6-768x1024.jpg\" alt=\"\"\/><span><\/span><\/a><\/li><li class=\"gallery-item\"><a href=\"https:\/\/www.eylulinnhouse.com\/wp-content\/uploads\/2024\/06\/e7-scaled.jpg\"><img src=\"https:\/\/www.eylulinnhouse.com\/wp-content\/uploads\/2024\/06\/e7-768x1024.jpg\" alt=\"\"\/><span><\/span><\/a><\/li><li class=\"gallery-item\"><a href=\"https:\/\/www.eylulinnhouse.com\/wp-content\/uploads\/2024\/06\/e8-scaled.jpg\"><img src=\"https:\/\/www.eylulinnhouse.com\/wp-content\/uploads\/2024\/06\/e8-768x1024.jpg\" alt=\"\"\/><span><\/span><\/a><\/li><li class=\"gallery-item\"><a href=\"https:\/\/www.eylulinnhouse.com\/wp-content\/uploads\/2024\/06\/e9-scaled.jpg\"><img src=\"https:\/\/www.eylulinnhouse.com\/wp-content\/uploads\/2024\/06\/e9-768x1024.jpg\" alt=\"\"\/><span><\/span><\/a><\/li><li class=\"gallery-item\"><a href=\"https:\/\/www.eylulinnhouse.com\/wp-content\/uploads\/2024\/06\/e10-scaled.jpg\"><img src=\"https:\/\/www.eylulinnhouse.com\/wp-content\/uploads\/2024\/06\/e10-768x1024.jpg\" alt=\"\"\/><span><\/span><\/a><\/li><li class=\"gallery-item\"><a href=\"https:\/\/www.eylulinnhouse.com\/wp-content\/uploads\/2024\/06\/e11-scaled.jpg\"><img src=\"https:\/\/www.eylulinnhouse.com\/wp-content\/uploads\/2024\/06\/e11-768x1024.jpg\" alt=\"\"\/><span><\/span><\/a><\/li><li class=\"gallery-item\"><a href=\"https:\/\/www.eylulinnhouse.com\/wp-content\/uploads\/2024\/06\/e12-scaled.jpg\"><img src=\"https:\/\/www.eylulinnhouse.com\/wp-content\/uploads\/2024\/06\/e12-768x1024.jpg\" alt=\"\"\/><span><\/span><\/a><\/li><li class=\"gallery-item\"><a href=\"https:\/\/www.eylulinnhouse.com\/wp-content\/uploads\/2024\/06\/e21-scaled.jpg\"><img src=\"https:\/\/www.eylulinnhouse.com\/wp-content\/uploads\/2024\/06\/e21-768x1024.jpg\" alt=\"\"\/><span><\/span><\/a><\/li><li class=\"gallery-item\"><a href=\"https:\/\/www.eylulinnhouse.com\/wp-content\/uploads\/2024\/06\/e22-scaled.jpg\"><img src=\"https:\/\/www.eylulinnhouse.com\/wp-content\/uploads\/2024\/06\/e22-768x1024.jpg\" alt=\"\"\/><span><\/span><\/a><\/li><li class=\"gallery-item\"><a href=\"https:\/\/www.eylulinnhouse.com\/wp-content\/uploads\/2024\/06\/e23-scaled.jpg\"><img src=\"https:\/\/www.eylulinnhouse.com\/wp-content\/uploads\/2024\/06\/e23-768x1024.jpg\" alt=\"\"\/><span><\/span><\/a><\/li><li class=\"gallery-item\"><a href=\"https:\/\/www.eylulinnhouse.com\/wp-content\/uploads\/2024\/06\/e24-scaled.jpg\"><img src=\"https:\/\/www.eylulinnhouse.com\/wp-content\/uploads\/2024\/06\/e24-768x1024.jpg\" alt=\"\"\/><span><\/span><\/a><\/li><li class=\"gallery-item\"><a href=\"https:\/\/www.eylulinnhouse.com\/wp-content\/uploads\/2024\/06\/e25-scaled.jpg\"><img src=\"https:\/\/www.eylulinnhouse.com\/wp-content\/uploads\/2024\/06\/e25-768x1024.jpg\" alt=\"\"\/><span><\/span><\/a><\/li><li class=\"gallery-item\"><a href=\"https:\/\/www.eylulinnhouse.com\/wp-content\/uploads\/2024\/06\/e26-scaled.jpg\"><img src=\"https:\/\/www.eylulinnhouse.com\/wp-content\/uploads\/2024\/06\/e26-768x1024.jpg\" alt=\"\"\/><span><\/span><\/a><\/li><li class=\"gallery-item\"><a href=\"https:\/\/www.eylulinnhouse.com\/wp-content\/uploads\/2024\/06\/e27-scaled.jpg\"><img src=\"https:\/\/www.eylulinnhouse.com\/wp-content\/uploads\/2024\/06\/e27-768x1024.jpg\" alt=\"\"\/><span><\/span><\/a><\/li><li class=\"gallery-item\"><a href=\"https:\/\/www.eylulinnhouse.com\/wp-content\/uploads\/2024\/06\/e28-scaled.jpg\"><img src=\"https:\/\/www.eylulinnhouse.com\/wp-content\/uploads\/2024\/06\/e28-768x1024.jpg\" alt=\"\"\/><span><\/span><\/a><\/li><li class=\"gallery-item\"><a href=\"https:\/\/www.eylulinnhouse.com\/wp-content\/uploads\/2024\/06\/e29-scaled.jpg\"><img src=\"https:\/\/www.eylulinnhouse.com\/wp-content\/uploads\/2024\/06\/e29-768x1024.jpg\" alt=\"\"\/><span><\/span><\/a><\/li><li class=\"gallery-item\"><a href=\"https:\/\/www.eylulinnhouse.com\/wp-content\/uploads\/2024\/06\/e30-scaled.jpg\"><img src=\"https:\/\/www.eylulinnhouse.com\/wp-content\/uploads\/2024\/06\/e30-768x1024.jpg\" alt=\"\"\/><span><\/span><\/a><\/li><li class=\"gallery-item\"><a href=\"https:\/\/www.eylulinnhouse.com\/wp-content\/uploads\/2024\/06\/ee-scaled.jpg\"><img src=\"https:\/\/www.eylulinnhouse.com\/wp-content\/uploads\/2024\/06\/ee-768x1024.jpg\" alt=\"\"\/><span><\/span><\/a><\/li><li class=\"gallery-item\"><a href=\"https:\/\/www.eylulinnhouse.com\/wp-content\/uploads\/2024\/06\/1.jpeg\"><img src=\"https:\/\/www.eylulinnhouse.com\/wp-content\/uploads\/2024\/06\/1-768x1024.jpeg\" alt=\"\"\/><span><\/span><\/a><\/li><li class=\"gallery-item\"><a href=\"https:\/\/www.eylulinnhouse.com\/wp-content\/uploads\/2024\/06\/2.jpeg\"><img src=\"https:\/\/www.eylulinnhouse.com\/wp-content\/uploads\/2024\/06\/2-1024x768.jpeg\" alt=\"\"\/><span><\/span><\/a><\/li><li class=\"gallery-item\"><a href=\"https:\/\/www.eylulinnhouse.com\/wp-content\/uploads\/2024\/06\/3.jpeg\"><img src=\"https:\/\/www.eylulinnhouse.com\/wp-content\/uploads\/2024\/06\/3-768x1024.jpeg\" alt=\"\"\/><span><\/span><\/a><\/li><li class=\"gallery-item\"><a href=\"https:\/\/www.eylulinnhouse.com\/wp-content\/uploads\/2024\/06\/4.jpeg\"><img src=\"https:\/\/www.eylulinnhouse.com\/wp-content\/uploads\/2024\/06\/4-1024x768.jpeg\" alt=\"\"\/><span><\/span><\/a><\/li><li class=\"gallery-item\"><a href=\"https:\/\/www.eylulinnhouse.com\/wp-content\/uploads\/2024\/06\/5.jpeg\"><img src=\"https:\/\/www.eylulinnhouse.com\/wp-content\/uploads\/2024\/06\/5-1024x768.jpeg\" alt=\"\"\/><span><\/span><\/a><\/li><li class=\"gallery-item\"><a href=\"https:\/\/www.eylulinnhouse.com\/wp-content\/uploads\/2024\/06\/6.jpeg\"><img src=\"https:\/\/www.eylulinnhouse.com\/wp-content\/uploads\/2024\/06\/6-1024x768.jpeg\" alt=\"\"\/><span><\/span><\/a><\/li><\/ul><\/div><\/div><\/div><\/div><div class=\"vc_row-full-width vc_clearfix\"><\/div><div data-vc-full-width=\"true\" data-vc-full-width-init=\"false\" data-vc-stretch-content=\"true\" class=\"vc_row wpb_row vc_row-fluid vc_custom_1540584110064 vc_column-gap-0 vc_row-no-padding\"><div class=\"wpb_column vc_column_container vc_col-sm-12\"><div class=\"vc_column-inner\"><div class=\"wpb_wrapper\"><\/div><\/div><\/div><\/div><div class=\"vc_row-full-width vc_clearfix\"><\/div>","protected":false},"excerpt":{"rendered":"Tan\u0131t\u0131m Videosu Tan\u0131t\u0131m Videosu FOTO\u011eRAF GALER\u0130S\u0130Eyl\u00fcl Inn House","protected":false},"author":1,"featured_media":0,"parent":0,"menu_order":0,"comment_status":"closed","ping_status":"closed","template":"","meta":[],"yoast_head":"<!-- This site is optimized with the Yoast SEO Premium plugin v19.6 (Yoast SEO v19.13) - https:\/\/yoast.com\/wordpress\/plugins\/seo\/ -->\n<title>Galeri - Eyl&uuml;l Inn House<\/title>\n<meta name=\"robots\" content=\"index, follow, max-snippet:-1, max-image-preview:large, max-video-preview:-1\" \/>\n<link rel=\"canonical\" href=\"https:\/\/www.eylulinnhouse.com\/en\/galeri\/\" \/>\n<meta property=\"og:locale\" content=\"en_US\" \/>\n<meta property=\"og:type\" content=\"article\" \/>\n<meta property=\"og:title\" content=\"Galeri\" \/>\n<meta property=\"og:url\" content=\"https:\/\/www.eylulinnhouse.com\/en\/galeri\/\" \/>\n<meta property=\"og:site_name\" content=\"Eyl&uuml;l Inn House\" \/>\n<meta property=\"article:publisher\" content=\"https:\/\/www.facebook.com\/goldengrassthermal\" \/>\n<meta property=\"article:modified_time\" content=\"2024-06-19T15:51:19+00:00\" \/>\n<meta name=\"twitter:card\" content=\"summary_large_image\" \/>\n<meta name=\"twitter:site\" content=\"@goldengrassemet\" \/>\n<meta name=\"twitter:label1\" content=\"Est. reading time\" \/>\n\t<meta name=\"twitter:data1\" content=\"1 minute\" \/>\n<script type=\"application\/ld+json\" class=\"yoast-schema-graph\">{\"@context\":\"https:\/\/schema.org\",\"@graph\":[{\"@type\":\"WebPage\",\"@id\":\"https:\/\/www.eylulinnhouse.com\/galeri\/\",\"url\":\"https:\/\/www.eylulinnhouse.com\/galeri\/\",\"name\":\"Galeri - Eyl&uuml;l Inn House\",\"isPartOf\":{\"@id\":\"https:\/\/www.eylulinnhouse.com\/#website\"},\"datePublished\":\"2018-10-11T18:12:11+00:00\",\"dateModified\":\"2024-06-19T15:51:19+00:00\",\"breadcrumb\":{\"@id\":\"https:\/\/www.eylulinnhouse.com\/galeri\/#breadcrumb\"},\"inLanguage\":\"en-US\",\"potentialAction\":[{\"@type\":\"ReadAction\",\"target\":[\"https:\/\/www.eylulinnhouse.com\/galeri\/\"]}]},{\"@type\":\"BreadcrumbList\",\"@id\":\"https:\/\/www.eylulinnhouse.com\/galeri\/#breadcrumb\",\"itemListElement\":[{\"@type\":\"ListItem\",\"position\":1,\"name\":\"Anasayfa\",\"item\":\"https:\/\/www.eylulinnhouse.com\/\"},{\"@type\":\"ListItem\",\"position\":2,\"name\":\"Galeri\"}]},{\"@type\":\"WebSite\",\"@id\":\"https:\/\/www.eylulinnhouse.com\/#website\",\"url\":\"https:\/\/www.eylulinnhouse.com\/\",\"name\":\"Eyl\u00fcl Inn House\",\"description\":\"K\u00fc\u00e7\u00fckkuyu&#039;da Ferah Konaklama\",\"publisher\":{\"@id\":\"https:\/\/www.eylulinnhouse.com\/#organization\"},\"potentialAction\":[{\"@type\":\"SearchAction\",\"target\":{\"@type\":\"EntryPoint\",\"urlTemplate\":\"https:\/\/www.eylulinnhouse.com\/?s={search_term_string}\"},\"query-input\":\"required name=search_term_string\"}],\"inLanguage\":\"en-US\"},{\"@type\":\"Organization\",\"@id\":\"https:\/\/www.eylulinnhouse.com\/#organization\",\"name\":\"Eyl\u00fcl Inn House\",\"url\":\"https:\/\/www.eylulinnhouse.com\/\",\"logo\":{\"@type\":\"ImageObject\",\"inLanguage\":\"en-US\",\"@id\":\"https:\/\/www.eylulinnhouse.com\/#\/schema\/logo\/image\/\",\"url\":\"https:\/\/www.eylulinnhouse.com\/wp-content\/uploads\/2024\/06\/siteikon.png\",\"contentUrl\":\"https:\/\/www.eylulinnhouse.com\/wp-content\/uploads\/2024\/06\/siteikon.png\",\"width\":261,\"height\":261,\"caption\":\"Eyl\u00fcl Inn House\"},\"image\":{\"@id\":\"https:\/\/www.eylulinnhouse.com\/#\/schema\/logo\/image\/\"},\"sameAs\":[\"https:\/\/www.instagram.com\/goldengrasstermal\",\"https:\/\/www.facebook.com\/goldengrassthermal\",\"https:\/\/twitter.com\/goldengrassemet\"]}]}<\/script>\n<!-- \/ Yoast SEO Premium plugin. -->","yoast_head_json":{"title":"Galeri - Eyl&uuml;l Inn House","robots":{"index":"index","follow":"follow","max-snippet":"max-snippet:-1","max-image-preview":"max-image-preview:large","max-video-preview":"max-video-preview:-1"},"canonical":"https:\/\/www.eylulinnhouse.com\/en\/galeri\/","og_locale":"en_US","og_type":"article","og_title":"Galeri","og_url":"https:\/\/www.eylulinnhouse.com\/en\/galeri\/","og_site_name":"Eyl&uuml;l Inn House","article_publisher":"https:\/\/www.facebook.com\/goldengrassthermal","article_modified_time":"2024-06-19T15:51:19+00:00","twitter_card":"summary_large_image","twitter_site":"@goldengrassemet","twitter_misc":{"Est. reading time":"1 minute"},"schema":{"@context":"https:\/\/schema.org","@graph":[{"@type":"WebPage","@id":"https:\/\/www.eylulinnhouse.com\/galeri\/","url":"https:\/\/www.eylulinnhouse.com\/galeri\/","name":"Galeri - Eyl&uuml;l Inn House","isPartOf":{"@id":"https:\/\/www.eylulinnhouse.com\/#website"},"datePublished":"2018-10-11T18:12:11+00:00","dateModified":"2024-06-19T15:51:19+00:00","breadcrumb":{"@id":"https:\/\/www.eylulinnhouse.com\/galeri\/#breadcrumb"},"inLanguage":"en-US","potentialAction":[{"@type":"ReadAction","target":["https:\/\/www.eylulinnhouse.com\/galeri\/"]}]},{"@type":"BreadcrumbList","@id":"https:\/\/www.eylulinnhouse.com\/galeri\/#breadcrumb","itemListElement":[{"@type":"ListItem","position":1,"name":"Anasayfa","item":"https:\/\/www.eylulinnhouse.com\/"},{"@type":"ListItem","position":2,"name":"Galeri"}]},{"@type":"WebSite","@id":"https:\/\/www.eylulinnhouse.com\/#website","url":"https:\/\/www.eylulinnhouse.com\/","name":"Eyl\u00fcl Inn House","description":"K\u00fc\u00e7\u00fckkuyu&#039;da Ferah Konaklama","publisher":{"@id":"https:\/\/www.eylulinnhouse.com\/#organization"},"potentialAction":[{"@type":"SearchAction","target":{"@type":"EntryPoint","urlTemplate":"https:\/\/www.eylulinnhouse.com\/?s={search_term_string}"},"query-input":"required name=search_term_string"}],"inLanguage":"en-US"},{"@type":"Organization","@id":"https:\/\/www.eylulinnhouse.com\/#organization","name":"Eyl\u00fcl Inn House","url":"https:\/\/www.eylulinnhouse.com\/","logo":{"@type":"ImageObject","inLanguage":"en-US","@id":"https:\/\/www.eylulinnhouse.com\/#\/schema\/logo\/image\/","url":"https:\/\/www.eylulinnhouse.com\/wp-content\/uploads\/2024\/06\/siteikon.png","contentUrl":"https:\/\/www.eylulinnhouse.com\/wp-content\/uploads\/2024\/06\/siteikon.png","width":261,"height":261,"caption":"Eyl\u00fcl Inn House"},"image":{"@id":"https:\/\/www.eylulinnhouse.com\/#\/schema\/logo\/image\/"},"sameAs":["https:\/\/www.instagram.com\/goldengrasstermal","https:\/\/www.facebook.com\/goldengrassthermal","https:\/\/twitter.com\/goldengrassemet"]}]}},"_links":{"self":[{"href":"https:\/\/www.eylulinnhouse.com\/en\/wp-json\/wp\/v2\/pages\/1085"}],"collection":[{"href":"https:\/\/www.eylulinnhouse.com\/en\/wp-json\/wp\/v2\/pages"}],"about":[{"href":"https:\/\/www.eylulinnhouse.com\/en\/wp-json\/wp\/v2\/types\/page"}],"author":[{"embeddable":true,"href":"https:\/\/www.eylulinnhouse.com\/en\/wp-json\/wp\/v2\/users\/1"}],"replies":[{"embeddable":true,"href":"https:\/\/www.eylulinnhouse.com\/en\/wp-json\/wp\/v2\/comments?post=1085"}],"version-history":[{"count":23,"href":"https:\/\/www.eylulinnhouse.com\/en\/wp-json\/wp\/v2\/pages\/1085\/revisions"}],"predecessor-version":[{"id":2883,"href":"https:\/\/www.eylulinnhouse.com\/en\/wp-json\/wp\/v2\/pages\/1085\/revisions\/2883"}],"wp:attachment":[{"href":"https:\/\/www.eylulinnhouse.com\/en\/wp-json\/wp\/v2\/media?parent=1085"}],"curies":[{"name":"wp","href":"https:\/\/api.w.org\/{rel}","templated":true}]}}