{"id":1471,"date":"2018-11-07T17:17:41","date_gmt":"2018-11-07T17:17:41","guid":{"rendered":"https:\/\/sunway.freevision.me\/?page_id=1471"},"modified":"2024-06-18T18:34:52","modified_gmt":"2024-06-18T18:34:52","slug":"odalar","status":"publish","type":"page","link":"https:\/\/www.eylulinnhouse.com\/en\/odalar\/","title":{"rendered":"Odalar"},"content":{"rendered":"<div data-vc-full-width=\"true\" data-vc-full-width-init=\"false\" data-vc-parallax=\"1.5\" data-vc-parallax-image=\"https:\/\/www.eylulinnhouse.com\/wp-content\/uploads\/2018\/10\/MG_4154-scaled.jpg\" class=\"vc_row wpb_row vc_row-fluid vc_row-has-fill vc_column-gap-0 vc_row-o-full-height vc_row-o-columns-middle vc_row-flex vc_general vc_parallax vc_parallax-content-moving\"><div class=\"wpb_column vc_column_container vc_col-sm-12\"><div class=\"vc_column-inner\"><div class=\"wpb_wrapper\"><h1 style=\"color: #ffffff;text-align: center\" class=\"vc_custom_heading\" >Eyl\u00fcl Inn House L\u00fcks Odalar Sizleri Bekliyor<\/h1><h5 style=\"color: #ffffff;text-align: center;font-family:Playfair Display;font-weight:400;font-style:italic\" class=\"vc_custom_heading vc_custom_1671716662483\" >Muhte\u015fem Manzaral\u0131<\/h5><div class=\"vc_empty_space\"   style=\"height: 40px\"><span class=\"vc_empty_space_inner\"><\/span><\/div><span  id=\"wofcb-1\" class=\"ozy-custom_button_w\"><a id=\"ofcb-1\" style=\"--data-bordercolor:#c19b76\" class=\"ozy-custom_button ocbtn-6\"  href=\"#roomlist\"  target=\"_self\" >ODALARI G\u00d6R<span><\/span><\/a><\/span><\/div><\/div><\/div><\/div><div class=\"vc_row-full-width vc_clearfix\"><\/div><div id=\"roomlist\" class=\"vc_row wpb_row vc_row-fluid vc_column-gap-0\"><div class=\"wpb_column vc_column_container vc_col-sm-12\"><div class=\"vc_column-inner\"><div class=\"wpb_wrapper\"><\/div><\/div><\/div><\/div>","protected":false},"excerpt":{"rendered":"Eyl\u00fcl Inn House L\u00fcks Odalar Sizleri BekliyorMuhte\u015fem Manzaral\u0131ODALARI G\u00d6R","protected":false},"author":1,"featured_media":0,"parent":0,"menu_order":0,"comment_status":"closed","ping_status":"closed","template":"page-rooms-big.php","meta":[],"yoast_head":"<!-- This site is optimized with the Yoast SEO Premium plugin v19.6 (Yoast SEO v19.13) - https:\/\/yoast.com\/wordpress\/plugins\/seo\/ -->\n<title>Odalar - Eyl&uuml;l Inn House<\/title>\n<meta name=\"robots\" content=\"index, follow, max-snippet:-1, max-image-preview:large, max-video-preview:-1\" \/>\n<link rel=\"canonical\" href=\"https:\/\/www.eylulinnhouse.com\/en\/odalar\/\" \/>\n<meta property=\"og:locale\" content=\"en_US\" \/>\n<meta property=\"og:type\" content=\"article\" \/>\n<meta property=\"og:title\" content=\"Odalar\" \/>\n<meta property=\"og:url\" content=\"https:\/\/www.eylulinnhouse.com\/en\/odalar\/\" \/>\n<meta property=\"og:site_name\" content=\"Eyl&uuml;l Inn House\" \/>\n<meta property=\"article:publisher\" content=\"https:\/\/www.facebook.com\/goldengrassthermal\" \/>\n<meta property=\"article:modified_time\" content=\"2024-06-18T18:34:52+00:00\" \/>\n<meta name=\"twitter:card\" content=\"summary_large_image\" \/>\n<meta name=\"twitter:site\" content=\"@goldengrassemet\" \/>\n<meta name=\"twitter:label1\" content=\"Est. reading time\" \/>\n\t<meta name=\"twitter:data1\" content=\"1 minute\" \/>\n<script type=\"application\/ld+json\" class=\"yoast-schema-graph\">{\"@context\":\"https:\/\/schema.org\",\"@graph\":[{\"@type\":\"WebPage\",\"@id\":\"https:\/\/www.eylulinnhouse.com\/odalar\/\",\"url\":\"https:\/\/www.eylulinnhouse.com\/odalar\/\",\"name\":\"Odalar - Eyl&uuml;l Inn House\",\"isPartOf\":{\"@id\":\"https:\/\/www.eylulinnhouse.com\/#website\"},\"datePublished\":\"2018-11-07T17:17:41+00:00\",\"dateModified\":\"2024-06-18T18:34:52+00:00\",\"breadcrumb\":{\"@id\":\"https:\/\/www.eylulinnhouse.com\/odalar\/#breadcrumb\"},\"inLanguage\":\"en-US\",\"potentialAction\":[{\"@type\":\"ReadAction\",\"target\":[\"https:\/\/www.eylulinnhouse.com\/odalar\/\"]}]},{\"@type\":\"BreadcrumbList\",\"@id\":\"https:\/\/www.eylulinnhouse.com\/odalar\/#breadcrumb\",\"itemListElement\":[{\"@type\":\"ListItem\",\"position\":1,\"name\":\"Anasayfa\",\"item\":\"https:\/\/www.eylulinnhouse.com\/\"},{\"@type\":\"ListItem\",\"position\":2,\"name\":\"Odalar\"}]},{\"@type\":\"WebSite\",\"@id\":\"https:\/\/www.eylulinnhouse.com\/#website\",\"url\":\"https:\/\/www.eylulinnhouse.com\/\",\"name\":\"Eyl\u00fcl Inn House\",\"description\":\"K\u00fc\u00e7\u00fckkuyu&#039;da Ferah Konaklama\",\"publisher\":{\"@id\":\"https:\/\/www.eylulinnhouse.com\/#organization\"},\"potentialAction\":[{\"@type\":\"SearchAction\",\"target\":{\"@type\":\"EntryPoint\",\"urlTemplate\":\"https:\/\/www.eylulinnhouse.com\/?s={search_term_string}\"},\"query-input\":\"required name=search_term_string\"}],\"inLanguage\":\"en-US\"},{\"@type\":\"Organization\",\"@id\":\"https:\/\/www.eylulinnhouse.com\/#organization\",\"name\":\"Eyl\u00fcl Inn House\",\"url\":\"https:\/\/www.eylulinnhouse.com\/\",\"logo\":{\"@type\":\"ImageObject\",\"inLanguage\":\"en-US\",\"@id\":\"https:\/\/www.eylulinnhouse.com\/#\/schema\/logo\/image\/\",\"url\":\"https:\/\/www.eylulinnhouse.com\/wp-content\/uploads\/2024\/06\/siteikon.png\",\"contentUrl\":\"https:\/\/www.eylulinnhouse.com\/wp-content\/uploads\/2024\/06\/siteikon.png\",\"width\":261,\"height\":261,\"caption\":\"Eyl\u00fcl Inn House\"},\"image\":{\"@id\":\"https:\/\/www.eylulinnhouse.com\/#\/schema\/logo\/image\/\"},\"sameAs\":[\"https:\/\/www.instagram.com\/goldengrasstermal\",\"https:\/\/www.facebook.com\/goldengrassthermal\",\"https:\/\/twitter.com\/goldengrassemet\"]}]}<\/script>\n<!-- \/ Yoast SEO Premium plugin. -->","yoast_head_json":{"title":"Odalar - Eyl&uuml;l Inn House","robots":{"index":"index","follow":"follow","max-snippet":"max-snippet:-1","max-image-preview":"max-image-preview:large","max-video-preview":"max-video-preview:-1"},"canonical":"https:\/\/www.eylulinnhouse.com\/en\/odalar\/","og_locale":"en_US","og_type":"article","og_title":"Odalar","og_url":"https:\/\/www.eylulinnhouse.com\/en\/odalar\/","og_site_name":"Eyl&uuml;l Inn House","article_publisher":"https:\/\/www.facebook.com\/goldengrassthermal","article_modified_time":"2024-06-18T18:34:52+00:00","twitter_card":"summary_large_image","twitter_site":"@goldengrassemet","twitter_misc":{"Est. reading time":"1 minute"},"schema":{"@context":"https:\/\/schema.org","@graph":[{"@type":"WebPage","@id":"https:\/\/www.eylulinnhouse.com\/odalar\/","url":"https:\/\/www.eylulinnhouse.com\/odalar\/","name":"Odalar - Eyl&uuml;l Inn House","isPartOf":{"@id":"https:\/\/www.eylulinnhouse.com\/#website"},"datePublished":"2018-11-07T17:17:41+00:00","dateModified":"2024-06-18T18:34:52+00:00","breadcrumb":{"@id":"https:\/\/www.eylulinnhouse.com\/odalar\/#breadcrumb"},"inLanguage":"en-US","potentialAction":[{"@type":"ReadAction","target":["https:\/\/www.eylulinnhouse.com\/odalar\/"]}]},{"@type":"BreadcrumbList","@id":"https:\/\/www.eylulinnhouse.com\/odalar\/#breadcrumb","itemListElement":[{"@type":"ListItem","position":1,"name":"Anasayfa","item":"https:\/\/www.eylulinnhouse.com\/"},{"@type":"ListItem","position":2,"name":"Odalar"}]},{"@type":"WebSite","@id":"https:\/\/www.eylulinnhouse.com\/#website","url":"https:\/\/www.eylulinnhouse.com\/","name":"Eyl\u00fcl Inn House","description":"K\u00fc\u00e7\u00fckkuyu&#039;da Ferah Konaklama","publisher":{"@id":"https:\/\/www.eylulinnhouse.com\/#organization"},"potentialAction":[{"@type":"SearchAction","target":{"@type":"EntryPoint","urlTemplate":"https:\/\/www.eylulinnhouse.com\/?s={search_term_string}"},"query-input":"required name=search_term_string"}],"inLanguage":"en-US"},{"@type":"Organization","@id":"https:\/\/www.eylulinnhouse.com\/#organization","name":"Eyl\u00fcl Inn House","url":"https:\/\/www.eylulinnhouse.com\/","logo":{"@type":"ImageObject","inLanguage":"en-US","@id":"https:\/\/www.eylulinnhouse.com\/#\/schema\/logo\/image\/","url":"https:\/\/www.eylulinnhouse.com\/wp-content\/uploads\/2024\/06\/siteikon.png","contentUrl":"https:\/\/www.eylulinnhouse.com\/wp-content\/uploads\/2024\/06\/siteikon.png","width":261,"height":261,"caption":"Eyl\u00fcl Inn House"},"image":{"@id":"https:\/\/www.eylulinnhouse.com\/#\/schema\/logo\/image\/"},"sameAs":["https:\/\/www.instagram.com\/goldengrasstermal","https:\/\/www.facebook.com\/goldengrassthermal","https:\/\/twitter.com\/goldengrassemet"]}]}},"_links":{"self":[{"href":"https:\/\/www.eylulinnhouse.com\/en\/wp-json\/wp\/v2\/pages\/1471"}],"collection":[{"href":"https:\/\/www.eylulinnhouse.com\/en\/wp-json\/wp\/v2\/pages"}],"about":[{"href":"https:\/\/www.eylulinnhouse.com\/en\/wp-json\/wp\/v2\/types\/page"}],"author":[{"embeddable":true,"href":"https:\/\/www.eylulinnhouse.com\/en\/wp-json\/wp\/v2\/users\/1"}],"replies":[{"embeddable":true,"href":"https:\/\/www.eylulinnhouse.com\/en\/wp-json\/wp\/v2\/comments?post=1471"}],"version-history":[{"count":7,"href":"https:\/\/www.eylulinnhouse.com\/en\/wp-json\/wp\/v2\/pages\/1471\/revisions"}],"predecessor-version":[{"id":2772,"href":"https:\/\/www.eylulinnhouse.com\/en\/wp-json\/wp\/v2\/pages\/1471\/revisions\/2772"}],"wp:attachment":[{"href":"https:\/\/www.eylulinnhouse.com\/en\/wp-json\/wp\/v2\/media?parent=1471"}],"curies":[{"name":"wp","href":"https:\/\/api.w.org\/{rel}","templated":true}]}}