{"id":199,"date":"2017-05-29T09:00:54","date_gmt":"2017-05-29T09:00:54","guid":{"rendered":"http:\/\/themes.getmotopress.com\/oceanica\/?page_id=199"},"modified":"2024-06-19T06:45:13","modified_gmt":"2024-06-19T06:45:13","slug":"otel-bilgileri","status":"publish","type":"page","link":"https:\/\/www.eylulinnhouse.com\/en\/otel-bilgileri\/","title":{"rendered":"Otel Bilgileri"},"content":{"rendered":"<div class=\"vc_row wpb_row vc_row-fluid vc_column-gap-0\"><div class=\"wpb_column vc_column_container vc_col-sm-12\"><div class=\"vc_column-inner\"><div class=\"wpb_wrapper\">\n\t<div class=\"wpb_text_column wpb_content_element\" >\n\t\t<div class=\"wpb_wrapper\">\n\t\t\t<h2>Eyl\u00fcl Inn House K\u00fc\u00e7\u00fckkuyu<\/h2>\n<div class=\"w-full text-token-text-primary\" dir=\"auto\" data-testid=\"conversation-turn-3\" data-scroll-anchor=\"false\">\n<div class=\"py-2 juice:py-&#091;18px&#093; px-3 text-base md:px-4 m-auto md:px-5 lg:px-1 xl:px-5\">\n<div class=\"mx-auto flex flex-1 gap-3 text-base juice:gap-4 juice:md:gap-5 juice:lg:gap-6 md:max-w-3xl lg:max-w-&#091;40rem&#093; xl:max-w-&#091;48rem&#093;\">\n<div class=\"group\/conversation-turn relative flex w-full min-w-0 flex-col agent-turn\">\n<div class=\"flex-col gap-1 md:gap-3\">\n<div class=\"flex flex-grow flex-col max-w-full\">\n<div class=\"min-h-&#091;20px&#093; text-message flex flex-col items-start whitespace-pre-wrap break-words &#091;.text-message+&amp;&#093;:mt-5 juice:w-full juice:items-end overflow-x-auto gap-2\" dir=\"auto\" data-message-author-role=\"assistant\" data-message-id=\"8ec92285-3ca1-41f3-9723-1651f4ad7719\">\n<div class=\"flex w-full flex-col gap-1 juice:empty:hidden juice:first:pt-&#091;3px&#093;\">\n<div class=\"markdown prose w-full break-words dark:prose-invert light\">\n<div class=\"flex flex-grow flex-col max-w-full\">\n<div class=\"min-h-&#091;20px&#093; text-message flex flex-col items-start whitespace-pre-wrap break-words &#091;.text-message+&amp;&#093;:mt-5 juice:w-full juice:items-end overflow-x-auto gap-2\" dir=\"auto\" data-message-author-role=\"assistant\" data-message-id=\"1319f4f6-a3ed-4c80-92d6-77791d17b5f5\">\n<div class=\"flex w-full flex-col gap-1 juice:empty:hidden juice:first:pt-&#091;3px&#093;\">\n<div class=\"markdown prose w-full break-words dark:prose-invert light\">\n<p>Eyl\u00fcl Inn House, K\u00fc\u00e7\u00fckkuyu&#8217;nun muhte\u015fem sahilinde konumlanm\u0131\u015f ve misafirlerine e\u015fsiz bir tatil deneyimi sunan benzersiz bir konaklama tesisidir. Denize s\u0131f\u0131r konumuyla huzurlu bir ka\u00e7amak arayanlar i\u00e7in m\u00fckemmel bir se\u00e7enek olan Eyl\u00fcl Inn House, geni\u015f ve ferah evleriyle misafirlerini a\u011f\u0131rlamaktan mutluluk duyar.<\/p>\n<p>Tamam\u0131 modern ve \u015f\u0131k bir \u015fekilde dekore edilmi\u015f olan evlerimiz, konforunuz i\u00e7in her t\u00fcrl\u00fc detay\u0131 d\u00fc\u015f\u00fcn\u00fclerek tasarlanm\u0131\u015ft\u0131r. \u0130lk defa misafirlerimizi a\u011f\u0131rlayacak olan bu yepyeni evlerde, kendinizi evinizde hissedeceksiniz. Do\u011fal \u0131\u015f\u0131kla dolup ta\u015fan geni\u015f ya\u015fam alanlar\u0131, sevdiklerinizle birlikte keyifli zaman ge\u00e7irebilece\u011finiz s\u0131cak ve samimi bir ortam sunar.<\/p>\n<p>Toplamda 10 adet daireden olu\u015fan Eyl\u00fcl Inn House&#8217;ta 8 villa tipi ve 2 otel tipi daire bulunmaktad\u0131r. Her bir dairemiz, konforlu bir tatil i\u00e7in gerekli olan t\u00fcm olanaklara sahiptir. Modern ya\u015fam alanlar\u0131, rahat yatak odalar\u0131 ve tam donan\u0131ml\u0131 mutfaklar\u0131yla misafirlerimizin t\u00fcm ihtiya\u00e7lar\u0131na cevap verir.<\/p>\n<p>Oda kahvalt\u0131 konseptinde hizmet veren tesisimizde, her sabah taze ve lezzetli kahvalt\u0131larla g\u00fcne enerjik bir ba\u015flang\u0131\u00e7 yapabilirsiniz. Ayr\u0131ca, g\u00fcn boyu hizmet veren alakart restoran\u0131m\u0131zda se\u00e7kin lezzetlerin tad\u0131n\u0131 \u00e7\u0131karabilirsiniz. Misafirlerimiz masa tenisi aktivitesi ile e\u011flenceli vakit ge\u00e7irebilir ve denize s\u0131f\u0131r konumun keyfini s\u00fcrebilirler.<\/p>\n<p>Eyl\u00fcl Inn House&#8217;un \u00fccretsiz plaj\u0131nda \u015femsiye ve \u015fezlonglar misafirlerimizin hizmetindedir. Muhte\u015fem deniz manzaras\u0131, sessiz ve sakin ortam\u0131 ile tatilinizi en iyi \u015fekilde ge\u00e7irmeniz i\u00e7in sizleri bekliyoruz. Huzur ve konforun adresi olan Eyl\u00fcl Inn House, unutulmaz an\u0131lar biriktirmeniz i\u00e7in ideal bir yerdir.<\/p>\n<p>*K\u00fc\u00e7\u00fckkuyu Otogar&#8217;a 1 km mesafede bulunmaktay\u0131z.<\/p>\n<\/div>\n<\/div>\n<\/div>\n<\/div>\n<div class=\"mt-1 flex gap-3 empty:hidden juice:-ml-3\">\n<div class=\"items-center justify-start rounded-xl p-1 flex\">\n<div class=\"flex items-center\">\n<div class=\"flex\"><img decoding=\"async\" loading=\"lazy\" class=\"aligncenter wp-image-2819 size-large\" src=\"https:\/\/www.eylulinnhouse.com\/wp-content\/uploads\/2024\/06\/e13-768x1024.jpg\" alt=\"\" width=\"768\" height=\"1024\" srcset=\"https:\/\/www.eylulinnhouse.com\/wp-content\/uploads\/2024\/06\/e13-768x1024.jpg 768w, https:\/\/www.eylulinnhouse.com\/wp-content\/uploads\/2024\/06\/e13-225x300.jpg 225w, https:\/\/www.eylulinnhouse.com\/wp-content\/uploads\/2024\/06\/e13-1152x1536.jpg 1152w, https:\/\/www.eylulinnhouse.com\/wp-content\/uploads\/2024\/06\/e13-1536x2048.jpg 1536w, https:\/\/www.eylulinnhouse.com\/wp-content\/uploads\/2024\/06\/e13-9x12.jpg 9w, https:\/\/www.eylulinnhouse.com\/wp-content\/uploads\/2024\/06\/e13-1144x1525.jpg 1144w, https:\/\/www.eylulinnhouse.com\/wp-content\/uploads\/2024\/06\/e13-scaled.jpg 1920w\" sizes=\"(max-width: 768px) 100vw, 768px\" \/><\/div>\n<div class=\"flex items-center pb-0.5 juice:pb-0\">\n<div class=\"&#091;&amp;_svg&#093;:h-full &#091;&amp;_svg&#093;:w-full icon-md h-4 w-4\"><\/div>\n<\/div>\n<\/div>\n<\/div>\n<\/div>\n<\/div>\n<\/div>\n<\/div>\n<\/div>\n<\/div>\n<\/div>\n<\/div>\n<\/div>\n<\/div>\n\n\t\t<\/div>\n\t<\/div>\n<\/div><\/div><\/div><\/div>","protected":false},"excerpt":{"rendered":"<p>A place that you will never forget<\/p>","protected":false},"author":1,"featured_media":0,"parent":0,"menu_order":0,"comment_status":"closed","ping_status":"closed","template":"","meta":[],"yoast_head":"<!-- This site is optimized with the Yoast SEO Premium plugin v19.6 (Yoast SEO v19.13) - https:\/\/yoast.com\/wordpress\/plugins\/seo\/ -->\n<title>Otel Bilgileri - Eyl&uuml;l Inn House<\/title>\n<meta name=\"robots\" content=\"index, follow, max-snippet:-1, max-image-preview:large, max-video-preview:-1\" \/>\n<link rel=\"canonical\" href=\"https:\/\/www.eylulinnhouse.com\/en\/otel-bilgileri\/\" \/>\n<meta property=\"og:locale\" content=\"en_US\" \/>\n<meta property=\"og:type\" content=\"article\" \/>\n<meta property=\"og:title\" content=\"Otel Bilgileri\" \/>\n<meta property=\"og:description\" content=\"A place that you will never forget\" \/>\n<meta property=\"og:url\" content=\"https:\/\/www.eylulinnhouse.com\/en\/otel-bilgileri\/\" \/>\n<meta property=\"og:site_name\" content=\"Eyl&uuml;l Inn House\" \/>\n<meta property=\"article:publisher\" content=\"https:\/\/www.facebook.com\/goldengrassthermal\" \/>\n<meta property=\"article:modified_time\" content=\"2024-06-19T06:45:13+00:00\" \/>\n<meta property=\"og:image\" content=\"https:\/\/www.eylulinnhouse.com\/wp-content\/uploads\/2024\/06\/e13-768x1024.jpg\" \/>\n<meta name=\"twitter:card\" content=\"summary_large_image\" \/>\n<meta name=\"twitter:site\" content=\"@goldengrassemet\" \/>\n<meta name=\"twitter:label1\" content=\"Est. reading time\" \/>\n\t<meta name=\"twitter:data1\" content=\"4 minutes\" \/>\n<script type=\"application\/ld+json\" class=\"yoast-schema-graph\">{\"@context\":\"https:\/\/schema.org\",\"@graph\":[{\"@type\":\"WebPage\",\"@id\":\"https:\/\/www.eylulinnhouse.com\/otel-bilgileri\/\",\"url\":\"https:\/\/www.eylulinnhouse.com\/otel-bilgileri\/\",\"name\":\"Otel Bilgileri - Eyl&uuml;l Inn House\",\"isPartOf\":{\"@id\":\"https:\/\/www.eylulinnhouse.com\/#website\"},\"datePublished\":\"2017-05-29T09:00:54+00:00\",\"dateModified\":\"2024-06-19T06:45:13+00:00\",\"breadcrumb\":{\"@id\":\"https:\/\/www.eylulinnhouse.com\/otel-bilgileri\/#breadcrumb\"},\"inLanguage\":\"en-US\",\"potentialAction\":[{\"@type\":\"ReadAction\",\"target\":[\"https:\/\/www.eylulinnhouse.com\/otel-bilgileri\/\"]}]},{\"@type\":\"BreadcrumbList\",\"@id\":\"https:\/\/www.eylulinnhouse.com\/otel-bilgileri\/#breadcrumb\",\"itemListElement\":[{\"@type\":\"ListItem\",\"position\":1,\"name\":\"Anasayfa\",\"item\":\"https:\/\/www.eylulinnhouse.com\/\"},{\"@type\":\"ListItem\",\"position\":2,\"name\":\"Otel Bilgileri\"}]},{\"@type\":\"WebSite\",\"@id\":\"https:\/\/www.eylulinnhouse.com\/#website\",\"url\":\"https:\/\/www.eylulinnhouse.com\/\",\"name\":\"Eyl\u00fcl Inn House\",\"description\":\"K\u00fc\u00e7\u00fckkuyu&#039;da Ferah Konaklama\",\"publisher\":{\"@id\":\"https:\/\/www.eylulinnhouse.com\/#organization\"},\"potentialAction\":[{\"@type\":\"SearchAction\",\"target\":{\"@type\":\"EntryPoint\",\"urlTemplate\":\"https:\/\/www.eylulinnhouse.com\/?s={search_term_string}\"},\"query-input\":\"required name=search_term_string\"}],\"inLanguage\":\"en-US\"},{\"@type\":\"Organization\",\"@id\":\"https:\/\/www.eylulinnhouse.com\/#organization\",\"name\":\"Eyl\u00fcl Inn House\",\"url\":\"https:\/\/www.eylulinnhouse.com\/\",\"logo\":{\"@type\":\"ImageObject\",\"inLanguage\":\"en-US\",\"@id\":\"https:\/\/www.eylulinnhouse.com\/#\/schema\/logo\/image\/\",\"url\":\"https:\/\/www.eylulinnhouse.com\/wp-content\/uploads\/2024\/06\/siteikon.png\",\"contentUrl\":\"https:\/\/www.eylulinnhouse.com\/wp-content\/uploads\/2024\/06\/siteikon.png\",\"width\":261,\"height\":261,\"caption\":\"Eyl\u00fcl Inn House\"},\"image\":{\"@id\":\"https:\/\/www.eylulinnhouse.com\/#\/schema\/logo\/image\/\"},\"sameAs\":[\"https:\/\/www.instagram.com\/goldengrasstermal\",\"https:\/\/www.facebook.com\/goldengrassthermal\",\"https:\/\/twitter.com\/goldengrassemet\"]}]}<\/script>\n<!-- \/ Yoast SEO Premium plugin. -->","yoast_head_json":{"title":"Otel Bilgileri - Eyl&uuml;l Inn House","robots":{"index":"index","follow":"follow","max-snippet":"max-snippet:-1","max-image-preview":"max-image-preview:large","max-video-preview":"max-video-preview:-1"},"canonical":"https:\/\/www.eylulinnhouse.com\/en\/otel-bilgileri\/","og_locale":"en_US","og_type":"article","og_title":"Otel Bilgileri","og_description":"A place that you will never forget","og_url":"https:\/\/www.eylulinnhouse.com\/en\/otel-bilgileri\/","og_site_name":"Eyl&uuml;l Inn House","article_publisher":"https:\/\/www.facebook.com\/goldengrassthermal","article_modified_time":"2024-06-19T06:45:13+00:00","og_image":[{"url":"https:\/\/www.eylulinnhouse.com\/wp-content\/uploads\/2024\/06\/e13-768x1024.jpg"}],"twitter_card":"summary_large_image","twitter_site":"@goldengrassemet","twitter_misc":{"Est. reading time":"4 minutes"},"schema":{"@context":"https:\/\/schema.org","@graph":[{"@type":"WebPage","@id":"https:\/\/www.eylulinnhouse.com\/otel-bilgileri\/","url":"https:\/\/www.eylulinnhouse.com\/otel-bilgileri\/","name":"Otel Bilgileri - Eyl&uuml;l Inn House","isPartOf":{"@id":"https:\/\/www.eylulinnhouse.com\/#website"},"datePublished":"2017-05-29T09:00:54+00:00","dateModified":"2024-06-19T06:45:13+00:00","breadcrumb":{"@id":"https:\/\/www.eylulinnhouse.com\/otel-bilgileri\/#breadcrumb"},"inLanguage":"en-US","potentialAction":[{"@type":"ReadAction","target":["https:\/\/www.eylulinnhouse.com\/otel-bilgileri\/"]}]},{"@type":"BreadcrumbList","@id":"https:\/\/www.eylulinnhouse.com\/otel-bilgileri\/#breadcrumb","itemListElement":[{"@type":"ListItem","position":1,"name":"Anasayfa","item":"https:\/\/www.eylulinnhouse.com\/"},{"@type":"ListItem","position":2,"name":"Otel Bilgileri"}]},{"@type":"WebSite","@id":"https:\/\/www.eylulinnhouse.com\/#website","url":"https:\/\/www.eylulinnhouse.com\/","name":"Eyl\u00fcl Inn House","description":"K\u00fc\u00e7\u00fckkuyu&#039;da Ferah Konaklama","publisher":{"@id":"https:\/\/www.eylulinnhouse.com\/#organization"},"potentialAction":[{"@type":"SearchAction","target":{"@type":"EntryPoint","urlTemplate":"https:\/\/www.eylulinnhouse.com\/?s={search_term_string}"},"query-input":"required name=search_term_string"}],"inLanguage":"en-US"},{"@type":"Organization","@id":"https:\/\/www.eylulinnhouse.com\/#organization","name":"Eyl\u00fcl Inn House","url":"https:\/\/www.eylulinnhouse.com\/","logo":{"@type":"ImageObject","inLanguage":"en-US","@id":"https:\/\/www.eylulinnhouse.com\/#\/schema\/logo\/image\/","url":"https:\/\/www.eylulinnhouse.com\/wp-content\/uploads\/2024\/06\/siteikon.png","contentUrl":"https:\/\/www.eylulinnhouse.com\/wp-content\/uploads\/2024\/06\/siteikon.png","width":261,"height":261,"caption":"Eyl\u00fcl Inn House"},"image":{"@id":"https:\/\/www.eylulinnhouse.com\/#\/schema\/logo\/image\/"},"sameAs":["https:\/\/www.instagram.com\/goldengrasstermal","https:\/\/www.facebook.com\/goldengrassthermal","https:\/\/twitter.com\/goldengrassemet"]}]}},"_links":{"self":[{"href":"https:\/\/www.eylulinnhouse.com\/en\/wp-json\/wp\/v2\/pages\/199"}],"collection":[{"href":"https:\/\/www.eylulinnhouse.com\/en\/wp-json\/wp\/v2\/pages"}],"about":[{"href":"https:\/\/www.eylulinnhouse.com\/en\/wp-json\/wp\/v2\/types\/page"}],"author":[{"embeddable":true,"href":"https:\/\/www.eylulinnhouse.com\/en\/wp-json\/wp\/v2\/users\/1"}],"replies":[{"embeddable":true,"href":"https:\/\/www.eylulinnhouse.com\/en\/wp-json\/wp\/v2\/comments?post=199"}],"version-history":[{"count":20,"href":"https:\/\/www.eylulinnhouse.com\/en\/wp-json\/wp\/v2\/pages\/199\/revisions"}],"predecessor-version":[{"id":2851,"href":"https:\/\/www.eylulinnhouse.com\/en\/wp-json\/wp\/v2\/pages\/199\/revisions\/2851"}],"wp:attachment":[{"href":"https:\/\/www.eylulinnhouse.com\/en\/wp-json\/wp\/v2\/media?parent=199"}],"curies":[{"name":"wp","href":"https:\/\/api.w.org\/{rel}","templated":true}]}}