{"id":2545,"date":"2023-01-07T07:06:05","date_gmt":"2023-01-07T07:06:05","guid":{"rendered":"https:\/\/www.eylulinnhouse.com\/?page_id=2545"},"modified":"2024-06-19T15:48:56","modified_gmt":"2024-06-19T15:48:56","slug":"pati-dostu-otel","status":"publish","type":"page","link":"https:\/\/www.eylulinnhouse.com\/en\/pati-dostu-otel\/","title":{"rendered":"Pati Dostu Konaklama"},"content":{"rendered":"<div class=\"vc_row wpb_row vc_row-fluid vc_column-gap-0\"><div class=\"wpb_column vc_column_container vc_col-sm-12\"><div class=\"vc_column-inner\"><div class=\"wpb_wrapper\">\n\t<div class=\"wpb_text_column wpb_content_element\" >\n\t\t<div class=\"wpb_wrapper\">\n\t\t\t<p>Biliyoruz ki sizler i\u00e7in t\u00fcyl\u00fc dostlar\u0131n\u0131zla yeni yerler ke\u015ffetmek, birlikte y\u00fczmek ve seyahatleriniz esnas\u0131nda an\u0131lar biriktirmek \u00e7ok de\u011ferli. Bu nedenle evcil hayvan dostlar\u0131n\u0131z ile birlikte rahat bir tatil yapman\u0131z i\u00e7in her \u015fey Eyl\u00fcl Inn House&#8217;da.<\/p>\n<p>Pati dostu konseptimizde patili dostlar\u0131n\u0131z ile g\u00fczel vakit ge\u00e7irmeniz i\u00e7in biz haz\u0131r\u0131z.<\/p>\n\n\t\t<\/div>\n\t<\/div>\n<\/div><\/div><\/div><\/div><div class=\"vc_row wpb_row vc_row-fluid vc_column-gap-0\"><div class=\"wpb_column vc_column_container vc_col-sm-12\"><div class=\"vc_column-inner\"><div class=\"wpb_wrapper\"><ul class=\"ozy-mosaic_gallery\" id=\"mosaic-gallery-1\"><div class=\"grid-sizer\"><\/div><div class=\"gutter-sizer\"><\/div><li class=\"gallery-item\"><a href=\"https:\/\/www.eylulinnhouse.com\/wp-content\/uploads\/2024\/06\/pati-dostu-otel.jpg\"><img src=\"https:\/\/www.eylulinnhouse.com\/wp-content\/uploads\/2024\/06\/pati-dostu-otel.jpg\" alt=\"\"\/><span><\/span><\/a><\/li><li class=\"gallery-item\"><a href=\"https:\/\/www.eylulinnhouse.com\/wp-content\/uploads\/2024\/06\/pati-dostu-1-1.jpeg\"><img src=\"https:\/\/www.eylulinnhouse.com\/wp-content\/uploads\/2024\/06\/pati-dostu-1-1-1024x1024.jpeg\" alt=\"\"\/><span><\/span><\/a><\/li><li class=\"gallery-item\"><a href=\"https:\/\/www.eylulinnhouse.com\/wp-content\/uploads\/2024\/06\/pati-dostu-2.jpeg\"><img src=\"https:\/\/www.eylulinnhouse.com\/wp-content\/uploads\/2024\/06\/pati-dostu-2-1024x1024.jpeg\" alt=\"\"\/><span><\/span><\/a><\/li><li class=\"gallery-item\"><a href=\"https:\/\/www.eylulinnhouse.com\/wp-content\/uploads\/2024\/06\/pati-dostu-3.jpeg\"><img src=\"https:\/\/www.eylulinnhouse.com\/wp-content\/uploads\/2024\/06\/pati-dostu-3-1024x1024.jpeg\" alt=\"\"\/><span><\/span><\/a><\/li><\/ul><\/div><\/div><\/div><\/div><div class=\"vc_row wpb_row vc_row-fluid vc_column-gap-0\"><div class=\"wpb_column vc_column_container vc_col-sm-12\"><div class=\"vc_column-inner\"><div class=\"wpb_wrapper\"><div class=\"vc_empty_space\"   style=\"height: 32px\"><span class=\"vc_empty_space_inner\"><\/span><\/div><\/div><\/div><\/div><\/div>","protected":false},"excerpt":{"rendered":"Biliyoruz ki sizler i\u00e7in t\u00fcyl\u00fc dostlar\u0131n\u0131zla yeni yerler ke\u015ffetmek, birlikte y\u00fczmek ve seyahatleriniz esnas\u0131nda an\u0131lar biriktirmek \u00e7ok de\u011ferli. Bu nedenle evcil hayvan dostlar\u0131n\u0131z ile birlikte rahat bir tatil yapman\u0131z i\u00e7in [...]","protected":false},"author":1,"featured_media":0,"parent":0,"menu_order":0,"comment_status":"closed","ping_status":"closed","template":"","meta":[],"yoast_head":"<!-- This site is optimized with the Yoast SEO Premium plugin v19.6 (Yoast SEO v19.13) - https:\/\/yoast.com\/wordpress\/plugins\/seo\/ -->\n<title>Pati Dostu Konaklama - Eyl&uuml;l Inn House<\/title>\n<meta name=\"description\" content=\"Pati Dostu Otel Aray\u0131\u015f\u0131n\u0131z Varsa Golden Grass Thermal Otel K\u00fctahya Emet&#039;te Sizin \u0130\u00e7in En Do\u011fru Tercih Olacak.\" \/>\n<meta name=\"robots\" content=\"index, follow, max-snippet:-1, max-image-preview:large, max-video-preview:-1\" \/>\n<link rel=\"canonical\" href=\"https:\/\/www.eylulinnhouse.com\/en\/pati-dostu-otel\/\" \/>\n<meta property=\"og:locale\" content=\"en_US\" \/>\n<meta property=\"og:type\" content=\"article\" \/>\n<meta property=\"og:title\" content=\"Pati Dostu Konaklama\" \/>\n<meta property=\"og:description\" content=\"Pati Dostu Otel Aray\u0131\u015f\u0131n\u0131z Varsa Golden Grass Thermal Otel K\u00fctahya Emet&#039;te Sizin \u0130\u00e7in En Do\u011fru Tercih Olacak.\" \/>\n<meta property=\"og:url\" content=\"https:\/\/www.eylulinnhouse.com\/en\/pati-dostu-otel\/\" \/>\n<meta property=\"og:site_name\" content=\"Eyl&uuml;l Inn House\" \/>\n<meta property=\"article:publisher\" content=\"https:\/\/www.facebook.com\/goldengrassthermal\" \/>\n<meta property=\"article:modified_time\" content=\"2024-06-19T15:48:56+00:00\" \/>\n<meta name=\"twitter:card\" content=\"summary_large_image\" \/>\n<meta name=\"twitter:site\" content=\"@goldengrassemet\" \/>\n<meta name=\"twitter:label1\" content=\"Est. reading time\" \/>\n\t<meta name=\"twitter:data1\" content=\"1 minute\" \/>\n<script type=\"application\/ld+json\" class=\"yoast-schema-graph\">{\"@context\":\"https:\/\/schema.org\",\"@graph\":[{\"@type\":\"WebPage\",\"@id\":\"https:\/\/www.eylulinnhouse.com\/pati-dostu-otel\/\",\"url\":\"https:\/\/www.eylulinnhouse.com\/pati-dostu-otel\/\",\"name\":\"Pati Dostu Konaklama - Eyl&uuml;l Inn House\",\"isPartOf\":{\"@id\":\"https:\/\/www.eylulinnhouse.com\/#website\"},\"datePublished\":\"2023-01-07T07:06:05+00:00\",\"dateModified\":\"2024-06-19T15:48:56+00:00\",\"description\":\"Pati Dostu Otel Aray\u0131\u015f\u0131n\u0131z Varsa Golden Grass Thermal Otel K\u00fctahya Emet'te Sizin \u0130\u00e7in En Do\u011fru Tercih Olacak.\",\"breadcrumb\":{\"@id\":\"https:\/\/www.eylulinnhouse.com\/pati-dostu-otel\/#breadcrumb\"},\"inLanguage\":\"en-US\",\"potentialAction\":[{\"@type\":\"ReadAction\",\"target\":[\"https:\/\/www.eylulinnhouse.com\/pati-dostu-otel\/\"]}]},{\"@type\":\"BreadcrumbList\",\"@id\":\"https:\/\/www.eylulinnhouse.com\/pati-dostu-otel\/#breadcrumb\",\"itemListElement\":[{\"@type\":\"ListItem\",\"position\":1,\"name\":\"Anasayfa\",\"item\":\"https:\/\/www.eylulinnhouse.com\/\"},{\"@type\":\"ListItem\",\"position\":2,\"name\":\"Pati Dostu Konaklama\"}]},{\"@type\":\"WebSite\",\"@id\":\"https:\/\/www.eylulinnhouse.com\/#website\",\"url\":\"https:\/\/www.eylulinnhouse.com\/\",\"name\":\"Eyl\u00fcl Inn House\",\"description\":\"K\u00fc\u00e7\u00fckkuyu&#039;da Ferah Konaklama\",\"publisher\":{\"@id\":\"https:\/\/www.eylulinnhouse.com\/#organization\"},\"potentialAction\":[{\"@type\":\"SearchAction\",\"target\":{\"@type\":\"EntryPoint\",\"urlTemplate\":\"https:\/\/www.eylulinnhouse.com\/?s={search_term_string}\"},\"query-input\":\"required name=search_term_string\"}],\"inLanguage\":\"en-US\"},{\"@type\":\"Organization\",\"@id\":\"https:\/\/www.eylulinnhouse.com\/#organization\",\"name\":\"Eyl\u00fcl Inn House\",\"url\":\"https:\/\/www.eylulinnhouse.com\/\",\"logo\":{\"@type\":\"ImageObject\",\"inLanguage\":\"en-US\",\"@id\":\"https:\/\/www.eylulinnhouse.com\/#\/schema\/logo\/image\/\",\"url\":\"https:\/\/www.eylulinnhouse.com\/wp-content\/uploads\/2024\/06\/siteikon.png\",\"contentUrl\":\"https:\/\/www.eylulinnhouse.com\/wp-content\/uploads\/2024\/06\/siteikon.png\",\"width\":261,\"height\":261,\"caption\":\"Eyl\u00fcl Inn House\"},\"image\":{\"@id\":\"https:\/\/www.eylulinnhouse.com\/#\/schema\/logo\/image\/\"},\"sameAs\":[\"https:\/\/www.instagram.com\/goldengrasstermal\",\"https:\/\/www.facebook.com\/goldengrassthermal\",\"https:\/\/twitter.com\/goldengrassemet\"]}]}<\/script>\n<!-- \/ Yoast SEO Premium plugin. -->","yoast_head_json":{"title":"Pati Dostu Konaklama - Eyl&uuml;l Inn House","description":"Pati Dostu Otel Aray\u0131\u015f\u0131n\u0131z Varsa Golden Grass Thermal Otel K\u00fctahya Emet'te Sizin \u0130\u00e7in En Do\u011fru Tercih Olacak.","robots":{"index":"index","follow":"follow","max-snippet":"max-snippet:-1","max-image-preview":"max-image-preview:large","max-video-preview":"max-video-preview:-1"},"canonical":"https:\/\/www.eylulinnhouse.com\/en\/pati-dostu-otel\/","og_locale":"en_US","og_type":"article","og_title":"Pati Dostu Konaklama","og_description":"Pati Dostu Otel Aray\u0131\u015f\u0131n\u0131z Varsa Golden Grass Thermal Otel K\u00fctahya Emet'te Sizin \u0130\u00e7in En Do\u011fru Tercih Olacak.","og_url":"https:\/\/www.eylulinnhouse.com\/en\/pati-dostu-otel\/","og_site_name":"Eyl&uuml;l Inn House","article_publisher":"https:\/\/www.facebook.com\/goldengrassthermal","article_modified_time":"2024-06-19T15:48:56+00:00","twitter_card":"summary_large_image","twitter_site":"@goldengrassemet","twitter_misc":{"Est. reading time":"1 minute"},"schema":{"@context":"https:\/\/schema.org","@graph":[{"@type":"WebPage","@id":"https:\/\/www.eylulinnhouse.com\/pati-dostu-otel\/","url":"https:\/\/www.eylulinnhouse.com\/pati-dostu-otel\/","name":"Pati Dostu Konaklama - Eyl&uuml;l Inn House","isPartOf":{"@id":"https:\/\/www.eylulinnhouse.com\/#website"},"datePublished":"2023-01-07T07:06:05+00:00","dateModified":"2024-06-19T15:48:56+00:00","description":"Pati Dostu Otel Aray\u0131\u015f\u0131n\u0131z Varsa Golden Grass Thermal Otel K\u00fctahya Emet'te Sizin \u0130\u00e7in En Do\u011fru Tercih Olacak.","breadcrumb":{"@id":"https:\/\/www.eylulinnhouse.com\/pati-dostu-otel\/#breadcrumb"},"inLanguage":"en-US","potentialAction":[{"@type":"ReadAction","target":["https:\/\/www.eylulinnhouse.com\/pati-dostu-otel\/"]}]},{"@type":"BreadcrumbList","@id":"https:\/\/www.eylulinnhouse.com\/pati-dostu-otel\/#breadcrumb","itemListElement":[{"@type":"ListItem","position":1,"name":"Anasayfa","item":"https:\/\/www.eylulinnhouse.com\/"},{"@type":"ListItem","position":2,"name":"Pati Dostu Konaklama"}]},{"@type":"WebSite","@id":"https:\/\/www.eylulinnhouse.com\/#website","url":"https:\/\/www.eylulinnhouse.com\/","name":"Eyl\u00fcl Inn House","description":"K\u00fc\u00e7\u00fckkuyu&#039;da Ferah Konaklama","publisher":{"@id":"https:\/\/www.eylulinnhouse.com\/#organization"},"potentialAction":[{"@type":"SearchAction","target":{"@type":"EntryPoint","urlTemplate":"https:\/\/www.eylulinnhouse.com\/?s={search_term_string}"},"query-input":"required name=search_term_string"}],"inLanguage":"en-US"},{"@type":"Organization","@id":"https:\/\/www.eylulinnhouse.com\/#organization","name":"Eyl\u00fcl Inn House","url":"https:\/\/www.eylulinnhouse.com\/","logo":{"@type":"ImageObject","inLanguage":"en-US","@id":"https:\/\/www.eylulinnhouse.com\/#\/schema\/logo\/image\/","url":"https:\/\/www.eylulinnhouse.com\/wp-content\/uploads\/2024\/06\/siteikon.png","contentUrl":"https:\/\/www.eylulinnhouse.com\/wp-content\/uploads\/2024\/06\/siteikon.png","width":261,"height":261,"caption":"Eyl\u00fcl Inn House"},"image":{"@id":"https:\/\/www.eylulinnhouse.com\/#\/schema\/logo\/image\/"},"sameAs":["https:\/\/www.instagram.com\/goldengrasstermal","https:\/\/www.facebook.com\/goldengrassthermal","https:\/\/twitter.com\/goldengrassemet"]}]}},"_links":{"self":[{"href":"https:\/\/www.eylulinnhouse.com\/en\/wp-json\/wp\/v2\/pages\/2545"}],"collection":[{"href":"https:\/\/www.eylulinnhouse.com\/en\/wp-json\/wp\/v2\/pages"}],"about":[{"href":"https:\/\/www.eylulinnhouse.com\/en\/wp-json\/wp\/v2\/types\/page"}],"author":[{"embeddable":true,"href":"https:\/\/www.eylulinnhouse.com\/en\/wp-json\/wp\/v2\/users\/1"}],"replies":[{"embeddable":true,"href":"https:\/\/www.eylulinnhouse.com\/en\/wp-json\/wp\/v2\/comments?post=2545"}],"version-history":[{"count":3,"href":"https:\/\/www.eylulinnhouse.com\/en\/wp-json\/wp\/v2\/pages\/2545\/revisions"}],"predecessor-version":[{"id":2880,"href":"https:\/\/www.eylulinnhouse.com\/en\/wp-json\/wp\/v2\/pages\/2545\/revisions\/2880"}],"wp:attachment":[{"href":"https:\/\/www.eylulinnhouse.com\/en\/wp-json\/wp\/v2\/media?parent=2545"}],"curies":[{"name":"wp","href":"https:\/\/api.w.org\/{rel}","templated":true}]}}