{"id":729,"date":"2018-10-03T18:47:43","date_gmt":"2018-10-03T18:47:43","guid":{"rendered":"https:\/\/sunway.freevision.me\/?page_id=729"},"modified":"2024-06-19T07:16:54","modified_gmt":"2024-06-19T07:16:54","slug":"iletisim","status":"publish","type":"page","link":"https:\/\/www.eylulinnhouse.com\/en\/iletisim\/","title":{"rendered":"\u0130leti\u015fim"},"content":{"rendered":"<div data-vc-full-width=\"true\" data-vc-full-width-init=\"false\" class=\"vc_row wpb_row vc_row-fluid vc_custom_1542485266751 vc_column-gap-0 vc_row-o-full-height vc_row-o-columns-middle vc_row-flex zero-mobile-margin hide-this-row-desktop\"><div class=\"wpb_column vc_column_container vc_col-sm-12 vc_hidden-lg vc_hidden-md\"><div class=\"vc_column-inner vc_custom_1542133024582\"><div class=\"wpb_wrapper\"><h2 style=\"color: #ffffff;text-align: center\" class=\"vc_custom_heading\" >\u0130leti\u015fim<\/h2><div class=\"vc_empty_space\"   style=\"height: 50px\"><span class=\"vc_empty_space_inner\"><\/span><\/div><div id=\"tile-with-icon_icon1\" class=\"title-with-icon-wrapper clear small\" data-color=\"\"  style=\"\">\r\n\t\t\t<div class=\"wpb_content_element title-with-icon clearfix margin-bottom-0\"><span  style=\"color:#000000 !important;background-color: !important;\" class=\"oic-location-1 clear small\" ><\/span><h5 style=\"color:#000000\">Eyl\u00fcl Inn House<\/h5>\r\n\t\t\t<\/div><div class=\"wpb_content_element left-cs title-with-icon-content small clearfix\" style=\"color:#000000\"><span style=\"color: #999999;\">Sahil Mah. Celalettin Top\u00e7u Cd., No: 19 K\u00fc\u00e7\u00fckkuyu\/Ayvac\u0131k\/\u00c7anakkale<\/span><\/div><\/div><div id=\"tile-with-icon_icon2\" class=\"title-with-icon-wrapper clear small\" data-color=\"\"  style=\"\">\r\n\t\t\t<div class=\"wpb_content_element title-with-icon clearfix margin-bottom-0\"><span  style=\"color:#000000 !important;background-color: !important;\" class=\"oic-email-mail-streamline clear small\" ><\/span><h5 style=\"color:#000000\">E-posta<\/h5>\r\n\t\t\t<\/div><div class=\"wpb_content_element left-cs title-with-icon-content small clearfix\" style=\"color:#000000\"><a href=\"mailto:info@eylulinnhouse.com\"><span style=\"color: #999999;\">info@eylulinnhouse.com<\/span><\/a><\/div><\/div><div id=\"tile-with-icon_icon3\" class=\"title-with-icon-wrapper clear small\" data-color=\"\"  style=\"\">\r\n\t\t\t<div class=\"wpb_content_element title-with-icon clearfix margin-bottom-0\"><span  style=\"color:#000000 !important;background-color: !important;\" class=\"oic-telephone clear small\" ><\/span><h5 style=\"color:#000000\">\u0130leti\u015fim<\/h5>\r\n\t\t\t<\/div><div class=\"wpb_content_element left-cs title-with-icon-content small clearfix\" style=\"color:#000000\"><a href=\"tel:0 532 406 73 82\">0 532 406 73 82<\/a><\/div><\/div><div class=\"vc_separator wpb_content_element vc_separator_align_center vc_sep_width_100 vc_sep_pos_align_center vc_separator_no_text vc_sep_color_grey\" ><span class=\"vc_sep_holder vc_sep_holder_l\"><span  class=\"vc_sep_line\"><\/span><\/span><span class=\"vc_sep_holder vc_sep_holder_r\"><span  class=\"vc_sep_line\"><\/span><\/span>\n<\/div>\n<div class=\"wpcf7 no-js\" id=\"wpcf7-f2113-o1\" lang=\"tr-TR\" dir=\"ltr\">\n<div class=\"screen-reader-response\"><p role=\"status\" aria-live=\"polite\" aria-atomic=\"true\"><\/p> <ul><\/ul><\/div>\n<form action=\"\/en\/wp-json\/wp\/v2\/pages\/729#wpcf7-f2113-o1\" method=\"post\" class=\"wpcf7-form init\" aria-label=\"Contact form\" novalidate=\"novalidate\" data-status=\"init\" data-trp-original-action=\"\/en\/wp-json\/wp\/v2\/pages\/729#wpcf7-f2113-o1\">\n<div style=\"display: none;\">\n<input type=\"hidden\" name=\"_wpcf7\" value=\"2113\" \/>\n<input type=\"hidden\" name=\"_wpcf7_version\" value=\"5.7.5.1\" \/>\n<input type=\"hidden\" name=\"_wpcf7_locale\" value=\"tr_TR\" \/>\n<input type=\"hidden\" name=\"_wpcf7_unit_tag\" value=\"wpcf7-f2113-o1\" \/>\n<input type=\"hidden\" name=\"_wpcf7_container_post\" value=\"0\" \/>\n<input type=\"hidden\" name=\"_wpcf7_posted_data_hash\" value=\"\" \/>\n<\/div>\n<p><label> Ad\u0131n\u0131z<br \/>\n<span class=\"wpcf7-form-control-wrap\" data-name=\"your-name\"><input size=\"40\" class=\"wpcf7-form-control wpcf7-text wpcf7-validates-as-required\" autocomplete=\"name\" aria-required=\"true\" aria-invalid=\"false\" value=\"\" type=\"text\" name=\"your-name\" \/><\/span> <\/label>\n<\/p>\n<p><label> E-posta adresiniz (tercihe ba\u011fl\u0131)<br \/>\n<span class=\"wpcf7-form-control-wrap\" data-name=\"your-email\"><input size=\"40\" class=\"wpcf7-form-control wpcf7-text wpcf7-email wpcf7-validates-as-required wpcf7-validates-as-email\" autocomplete=\"email\" aria-required=\"true\" aria-invalid=\"false\" value=\"\" type=\"email\" name=\"your-email\" \/><\/span> <\/label>\n<\/p>\n<p><label> Telefon (tercihe ba\u011fl\u0131)<br \/>\n<span class=\"wpcf7-form-control-wrap\" data-name=\"tel-465\"><input size=\"40\" class=\"wpcf7-form-control wpcf7-text wpcf7-tel wpcf7-validates-as-tel\" autocomplete=\"tel\" aria-invalid=\"false\" value=\"\" type=\"tel\" name=\"tel-465\" \/><\/span> <\/label>\n<\/p>\n<p><label> Konu (tercihe ba\u011fl\u0131)<br \/>\n<span class=\"wpcf7-form-control-wrap\" data-name=\"your-subject\"><input size=\"40\" class=\"wpcf7-form-control wpcf7-text\" aria-invalid=\"false\" value=\"\" type=\"text\" name=\"your-subject\" \/><\/span> <\/label>\n<\/p>\n<p><label> Mesaj\u0131n\u0131z<br \/>\n<span class=\"wpcf7-form-control-wrap\" data-name=\"your-message\"><textarea cols=\"40\" rows=\"10\" class=\"wpcf7-form-control wpcf7-textarea wpcf7-validates-as-required\" aria-required=\"true\" aria-invalid=\"false\" name=\"your-message\"><\/textarea><\/span> <\/label>\n<\/p>\n<p><input class=\"wpcf7-form-control has-spinner wpcf7-submit\" type=\"submit\" value=\"G\u00f6nder\" \/>\n<\/p><div class=\"wpcf7-response-output\" aria-hidden=\"true\"><\/div>\n<input type=\"hidden\" name=\"trp-form-language\" value=\"en\"\/><\/form>\n<\/div>\n<\/div><\/div><\/div><\/div><div class=\"vc_row-full-width vc_clearfix\"><\/div><div data-vc-full-width=\"true\" data-vc-full-width-init=\"false\" class=\"vc_row wpb_row vc_row-fluid vc_custom_1718722857789 vc_column-gap-0 vc_row-o-full-height vc_row-o-columns-middle vc_row-flex has-kenburns vc_row-has-fill hide-this-row-mobile\"><div class=\"smoothslides\" id=\"orkbrns-889584\"><div style=\"background:url(https:\/\/www.eylulinnhouse.com\/wp-content\/uploads\/2024\/05\/MG_4004-scaled.jpg)\"><\/div><div style=\"background:url(https:\/\/www.eylulinnhouse.com\/wp-content\/uploads\/2024\/05\/MG_4218-scaled.jpg)\"><\/div><div style=\"background:url(https:\/\/www.eylulinnhouse.com\/wp-content\/uploads\/2024\/05\/MG_4241-scaled.jpg)\"><\/div><\/div><div class=\"wpb_column vc_column_container vc_col-sm-12 vc_hidden-sm vc_hidden-xs\"><div class=\"vc_column-inner vc_custom_1541421443531\"><div class=\"wpb_wrapper\"><h2 style=\"color: #ffffff;text-align: center\" class=\"vc_custom_heading\" >\u0130leti\u015fim<\/h2><div class=\"vc_empty_space\"   style=\"height: 50px\"><span class=\"vc_empty_space_inner\"><\/span><\/div><div class=\"vc_row wpb_row vc_inner vc_row-fluid vc_custom_1538596728912 vc_row-has-fill\"><div class=\"wpb_column vc_column_container vc_col-sm-4 vc_hidden-sm vc_hidden-xs\"><div class=\"vc_column-inner vc_custom_1541421615729\"><div class=\"wpb_wrapper\"><div id=\"tile-with-icon_icon4\" class=\"title-with-icon-wrapper clear small\" data-color=\"\"  style=\"\">\r\n\t\t\t<div class=\"wpb_content_element title-with-icon clearfix margin-bottom-0\"><span  style=\"color:#000000 !important;background-color: !important;\" class=\"oic-location-1 clear small\" ><\/span><h5 style=\"color:#000000\">Eyl\u00fcl Inn House<\/h5>\r\n\t\t\t<\/div><div class=\"wpb_content_element left-cs title-with-icon-content small clearfix\" style=\"color:#000000\"><span style=\"color: #999999;\">Sahil Mah. Celalettin Top\u00e7u Cd., No: 19 K\u00fc\u00e7\u00fckkuyu\/Ayvac\u0131k\/\u00c7anakkale<\/span><\/div><\/div><div class=\"vc_separator wpb_content_element vc_separator_align_center vc_sep_width_100 vc_sep_pos_align_center vc_separator_no_text vc_sep_color_grey\" ><span class=\"vc_sep_holder vc_sep_holder_l\"><span  class=\"vc_sep_line\"><\/span><\/span><span class=\"vc_sep_holder vc_sep_holder_r\"><span  class=\"vc_sep_line\"><\/span><\/span>\n<\/div><div id=\"tile-with-icon_icon5\" class=\"title-with-icon-wrapper clear small\" data-color=\"\"  style=\"\">\r\n\t\t\t<div class=\"wpb_content_element title-with-icon clearfix margin-bottom-0\"><span  style=\"color:#000000 !important;background-color: !important;\" class=\"oic-email-mail-streamline clear small\" ><\/span><h5 style=\"color:#000000\">E-posta<\/h5>\r\n\t\t\t<\/div><div class=\"wpb_content_element left-cs title-with-icon-content small clearfix\" style=\"color:#000000\"><a href=\"mailto:info@eylulinnhouse.com\"><span style=\"color: #999999;\">info@eylulinnhouse.com<\/span><\/a><\/div><\/div><div class=\"vc_separator wpb_content_element vc_separator_align_center vc_sep_width_100 vc_sep_pos_align_center vc_separator_no_text vc_sep_color_grey\" ><span class=\"vc_sep_holder vc_sep_holder_l\"><span  class=\"vc_sep_line\"><\/span><\/span><span class=\"vc_sep_holder vc_sep_holder_r\"><span  class=\"vc_sep_line\"><\/span><\/span>\n<\/div><div id=\"tile-with-icon_icon6\" class=\"title-with-icon-wrapper clear small\" data-color=\"\"  style=\"\">\r\n\t\t\t<div class=\"wpb_content_element title-with-icon clearfix margin-bottom-0\"><span  style=\"color:#000000 !important;background-color: !important;\" class=\"oic-telephone clear small\" ><\/span><h5 style=\"color:#000000\">\u0130leti\u015fim<\/h5>\r\n\t\t\t<\/div><div class=\"wpb_content_element left-cs title-with-icon-content small clearfix\" style=\"color:#000000\"><a href=\"tel:0 532 406 73 82\">0 532 406 73 82<\/a><\/div><\/div><\/div><\/div><\/div><div class=\"wpb_column vc_column_container vc_col-sm-8 vc_hidden-sm vc_hidden-xs\"><div class=\"vc_column-inner vc_custom_1541421628918\"><div class=\"wpb_wrapper\">\n<div class=\"wpcf7 no-js\" id=\"wpcf7-f2113-o2\" lang=\"tr-TR\" dir=\"ltr\">\n<div class=\"screen-reader-response\"><p role=\"status\" aria-live=\"polite\" aria-atomic=\"true\"><\/p> <ul><\/ul><\/div>\n<form action=\"\/en\/wp-json\/wp\/v2\/pages\/729#wpcf7-f2113-o2\" method=\"post\" class=\"wpcf7-form init\" aria-label=\"Contact form\" novalidate=\"novalidate\" data-status=\"init\" data-trp-original-action=\"\/en\/wp-json\/wp\/v2\/pages\/729#wpcf7-f2113-o2\">\n<div style=\"display: none;\">\n<input type=\"hidden\" name=\"_wpcf7\" value=\"2113\" \/>\n<input type=\"hidden\" name=\"_wpcf7_version\" value=\"5.7.5.1\" \/>\n<input type=\"hidden\" name=\"_wpcf7_locale\" value=\"tr_TR\" \/>\n<input type=\"hidden\" name=\"_wpcf7_unit_tag\" value=\"wpcf7-f2113-o2\" \/>\n<input type=\"hidden\" name=\"_wpcf7_container_post\" value=\"0\" \/>\n<input type=\"hidden\" name=\"_wpcf7_posted_data_hash\" value=\"\" \/>\n<\/div>\n<p><label> Ad\u0131n\u0131z<br \/>\n<span class=\"wpcf7-form-control-wrap\" data-name=\"your-name\"><input size=\"40\" class=\"wpcf7-form-control wpcf7-text wpcf7-validates-as-required\" autocomplete=\"name\" aria-required=\"true\" aria-invalid=\"false\" value=\"\" type=\"text\" name=\"your-name\" \/><\/span> <\/label>\n<\/p>\n<p><label> E-posta adresiniz (tercihe ba\u011fl\u0131)<br \/>\n<span class=\"wpcf7-form-control-wrap\" data-name=\"your-email\"><input size=\"40\" class=\"wpcf7-form-control wpcf7-text wpcf7-email wpcf7-validates-as-required wpcf7-validates-as-email\" autocomplete=\"email\" aria-required=\"true\" aria-invalid=\"false\" value=\"\" type=\"email\" name=\"your-email\" \/><\/span> <\/label>\n<\/p>\n<p><label> Telefon (tercihe ba\u011fl\u0131)<br \/>\n<span class=\"wpcf7-form-control-wrap\" data-name=\"tel-465\"><input size=\"40\" class=\"wpcf7-form-control wpcf7-text wpcf7-tel wpcf7-validates-as-tel\" autocomplete=\"tel\" aria-invalid=\"false\" value=\"\" type=\"tel\" name=\"tel-465\" \/><\/span> <\/label>\n<\/p>\n<p><label> Konu (tercihe ba\u011fl\u0131)<br \/>\n<span class=\"wpcf7-form-control-wrap\" data-name=\"your-subject\"><input size=\"40\" class=\"wpcf7-form-control wpcf7-text\" aria-invalid=\"false\" value=\"\" type=\"text\" name=\"your-subject\" \/><\/span> <\/label>\n<\/p>\n<p><label> Mesaj\u0131n\u0131z<br \/>\n<span class=\"wpcf7-form-control-wrap\" data-name=\"your-message\"><textarea cols=\"40\" rows=\"10\" class=\"wpcf7-form-control wpcf7-textarea wpcf7-validates-as-required\" aria-required=\"true\" aria-invalid=\"false\" name=\"your-message\"><\/textarea><\/span> <\/label>\n<\/p>\n<p><input class=\"wpcf7-form-control has-spinner wpcf7-submit\" type=\"submit\" value=\"G\u00f6nder\" \/>\n<\/p><div class=\"wpcf7-response-output\" aria-hidden=\"true\"><\/div>\n<input type=\"hidden\" name=\"trp-form-language\" value=\"en\"\/><\/form>\n<\/div>\n<\/div><\/div><\/div><\/div><\/div><\/div><\/div><\/div><div class=\"vc_row-full-width vc_clearfix\"><\/div><div data-vc-full-width=\"true\" data-vc-full-width-init=\"false\" data-vc-stretch-content=\"true\" class=\"vc_row wpb_row vc_row-fluid vc_custom_1541421562424 vc_column-gap-0 vc_row-no-padding zero-mobile-padding zero-mobile-margin\"><div class=\"wpb_column vc_column_container vc_col-sm-12\"><div class=\"vc_column-inner vc_custom_1538596828009\"><div class=\"wpb_wrapper\"><div class=\"wpb_gmaps_widget wpb_content_element\"><div class=\"wpb_wrapper\"><div class=\"wpb_map_wraper\"><iframe src=\"https:\/\/www.google.com\/maps\/embed?pb=!1m18!1m12!1m3!1d3076.7816959805127!2d26.585372612007184!3d39.54197845672345!2m3!1f0!2f0!3f0!3m2!1i1024!2i768!4f13.1!3m3!1m2!1s0x14b08fad1f6ca16f%3A0x21c55a8bc7bc6f80!2sEyl%C3%BCl%20Inn%20House!5e0!3m2!1str!2str!4v1718781404345!5m2!1str!2str\" width=\"600\" height=\"450\" style=\"border:0;\" allowfullscreen=\"\" loading=\"lazy\" referrerpolicy=\"no-referrer-when-downgrade\"><\/iframe><\/div><\/div><\/div><\/div><\/div><\/div><\/div><div class=\"vc_row-full-width vc_clearfix\"><\/div>","protected":false},"excerpt":{"rendered":"\u0130leti\u015fim Eyl\u00fcl Inn House Sahil Mah. Celalettin Top\u00e7u Cd., No: 19 K\u00fc\u00e7\u00fckkuyu\/Ayvac\u0131k\/\u00c7anakkale E-posta info@eylulinnhouse.com \u0130leti\u015fim 0 532 406 73 82 Ad\u0131n\u0131z E-posta adresiniz (tercihe ba\u011fl\u0131) Telefon (tercihe ba\u011fl\u0131) Konu (tercihe [...]","protected":false},"author":1,"featured_media":0,"parent":0,"menu_order":0,"comment_status":"closed","ping_status":"closed","template":"page-transparent-menu.php","meta":[],"yoast_head":"<!-- This site is optimized with the Yoast SEO Premium plugin v19.6 (Yoast SEO v19.13) - https:\/\/yoast.com\/wordpress\/plugins\/seo\/ -->\n<title>\u0130leti\u015fim - Eyl&uuml;l Inn House<\/title>\n<meta name=\"robots\" content=\"index, follow, max-snippet:-1, max-image-preview:large, max-video-preview:-1\" \/>\n<link rel=\"canonical\" href=\"https:\/\/www.eylulinnhouse.com\/en\/iletisim\/\" \/>\n<meta property=\"og:locale\" content=\"en_US\" \/>\n<meta property=\"og:type\" content=\"article\" \/>\n<meta property=\"og:title\" content=\"\u0130leti\u015fim\" \/>\n<meta property=\"og:url\" content=\"https:\/\/www.eylulinnhouse.com\/en\/iletisim\/\" \/>\n<meta property=\"og:site_name\" content=\"Eyl&uuml;l Inn House\" \/>\n<meta property=\"article:publisher\" content=\"https:\/\/www.facebook.com\/goldengrassthermal\" \/>\n<meta property=\"article:modified_time\" content=\"2024-06-19T07:16:54+00:00\" \/>\n<meta name=\"twitter:card\" content=\"summary_large_image\" \/>\n<meta name=\"twitter:site\" content=\"@goldengrassemet\" \/>\n<meta name=\"twitter:label1\" content=\"Est. reading time\" \/>\n\t<meta name=\"twitter:data1\" content=\"2 minutes\" \/>\n<script type=\"application\/ld+json\" class=\"yoast-schema-graph\">{\"@context\":\"https:\/\/schema.org\",\"@graph\":[{\"@type\":\"WebPage\",\"@id\":\"https:\/\/www.eylulinnhouse.com\/iletisim\/\",\"url\":\"https:\/\/www.eylulinnhouse.com\/iletisim\/\",\"name\":\"\u0130leti\u015fim - Eyl&uuml;l Inn House\",\"isPartOf\":{\"@id\":\"https:\/\/www.eylulinnhouse.com\/#website\"},\"datePublished\":\"2018-10-03T18:47:43+00:00\",\"dateModified\":\"2024-06-19T07:16:54+00:00\",\"breadcrumb\":{\"@id\":\"https:\/\/www.eylulinnhouse.com\/iletisim\/#breadcrumb\"},\"inLanguage\":\"en-US\",\"potentialAction\":[{\"@type\":\"ReadAction\",\"target\":[\"https:\/\/www.eylulinnhouse.com\/iletisim\/\"]}]},{\"@type\":\"BreadcrumbList\",\"@id\":\"https:\/\/www.eylulinnhouse.com\/iletisim\/#breadcrumb\",\"itemListElement\":[{\"@type\":\"ListItem\",\"position\":1,\"name\":\"Anasayfa\",\"item\":\"https:\/\/www.eylulinnhouse.com\/\"},{\"@type\":\"ListItem\",\"position\":2,\"name\":\"\u0130leti\u015fim\"}]},{\"@type\":\"WebSite\",\"@id\":\"https:\/\/www.eylulinnhouse.com\/#website\",\"url\":\"https:\/\/www.eylulinnhouse.com\/\",\"name\":\"Eyl\u00fcl Inn House\",\"description\":\"K\u00fc\u00e7\u00fckkuyu&#039;da Ferah Konaklama\",\"publisher\":{\"@id\":\"https:\/\/www.eylulinnhouse.com\/#organization\"},\"potentialAction\":[{\"@type\":\"SearchAction\",\"target\":{\"@type\":\"EntryPoint\",\"urlTemplate\":\"https:\/\/www.eylulinnhouse.com\/?s={search_term_string}\"},\"query-input\":\"required name=search_term_string\"}],\"inLanguage\":\"en-US\"},{\"@type\":\"Organization\",\"@id\":\"https:\/\/www.eylulinnhouse.com\/#organization\",\"name\":\"Eyl\u00fcl Inn House\",\"url\":\"https:\/\/www.eylulinnhouse.com\/\",\"logo\":{\"@type\":\"ImageObject\",\"inLanguage\":\"en-US\",\"@id\":\"https:\/\/www.eylulinnhouse.com\/#\/schema\/logo\/image\/\",\"url\":\"https:\/\/www.eylulinnhouse.com\/wp-content\/uploads\/2024\/06\/siteikon.png\",\"contentUrl\":\"https:\/\/www.eylulinnhouse.com\/wp-content\/uploads\/2024\/06\/siteikon.png\",\"width\":261,\"height\":261,\"caption\":\"Eyl\u00fcl Inn House\"},\"image\":{\"@id\":\"https:\/\/www.eylulinnhouse.com\/#\/schema\/logo\/image\/\"},\"sameAs\":[\"https:\/\/www.instagram.com\/goldengrasstermal\",\"https:\/\/www.facebook.com\/goldengrassthermal\",\"https:\/\/twitter.com\/goldengrassemet\"]}]}<\/script>\n<!-- \/ Yoast SEO Premium plugin. -->","yoast_head_json":{"title":"\u0130leti\u015fim - Eyl&uuml;l Inn House","robots":{"index":"index","follow":"follow","max-snippet":"max-snippet:-1","max-image-preview":"max-image-preview:large","max-video-preview":"max-video-preview:-1"},"canonical":"https:\/\/www.eylulinnhouse.com\/en\/iletisim\/","og_locale":"en_US","og_type":"article","og_title":"\u0130leti\u015fim","og_url":"https:\/\/www.eylulinnhouse.com\/en\/iletisim\/","og_site_name":"Eyl&uuml;l Inn House","article_publisher":"https:\/\/www.facebook.com\/goldengrassthermal","article_modified_time":"2024-06-19T07:16:54+00:00","twitter_card":"summary_large_image","twitter_site":"@goldengrassemet","twitter_misc":{"Est. reading time":"2 minutes"},"schema":{"@context":"https:\/\/schema.org","@graph":[{"@type":"WebPage","@id":"https:\/\/www.eylulinnhouse.com\/iletisim\/","url":"https:\/\/www.eylulinnhouse.com\/iletisim\/","name":"\u0130leti\u015fim - Eyl&uuml;l Inn House","isPartOf":{"@id":"https:\/\/www.eylulinnhouse.com\/#website"},"datePublished":"2018-10-03T18:47:43+00:00","dateModified":"2024-06-19T07:16:54+00:00","breadcrumb":{"@id":"https:\/\/www.eylulinnhouse.com\/iletisim\/#breadcrumb"},"inLanguage":"en-US","potentialAction":[{"@type":"ReadAction","target":["https:\/\/www.eylulinnhouse.com\/iletisim\/"]}]},{"@type":"BreadcrumbList","@id":"https:\/\/www.eylulinnhouse.com\/iletisim\/#breadcrumb","itemListElement":[{"@type":"ListItem","position":1,"name":"Anasayfa","item":"https:\/\/www.eylulinnhouse.com\/"},{"@type":"ListItem","position":2,"name":"\u0130leti\u015fim"}]},{"@type":"WebSite","@id":"https:\/\/www.eylulinnhouse.com\/#website","url":"https:\/\/www.eylulinnhouse.com\/","name":"Eyl\u00fcl Inn House","description":"K\u00fc\u00e7\u00fckkuyu&#039;da Ferah Konaklama","publisher":{"@id":"https:\/\/www.eylulinnhouse.com\/#organization"},"potentialAction":[{"@type":"SearchAction","target":{"@type":"EntryPoint","urlTemplate":"https:\/\/www.eylulinnhouse.com\/?s={search_term_string}"},"query-input":"required name=search_term_string"}],"inLanguage":"en-US"},{"@type":"Organization","@id":"https:\/\/www.eylulinnhouse.com\/#organization","name":"Eyl\u00fcl Inn House","url":"https:\/\/www.eylulinnhouse.com\/","logo":{"@type":"ImageObject","inLanguage":"en-US","@id":"https:\/\/www.eylulinnhouse.com\/#\/schema\/logo\/image\/","url":"https:\/\/www.eylulinnhouse.com\/wp-content\/uploads\/2024\/06\/siteikon.png","contentUrl":"https:\/\/www.eylulinnhouse.com\/wp-content\/uploads\/2024\/06\/siteikon.png","width":261,"height":261,"caption":"Eyl\u00fcl Inn House"},"image":{"@id":"https:\/\/www.eylulinnhouse.com\/#\/schema\/logo\/image\/"},"sameAs":["https:\/\/www.instagram.com\/goldengrasstermal","https:\/\/www.facebook.com\/goldengrassthermal","https:\/\/twitter.com\/goldengrassemet"]}]}},"_links":{"self":[{"href":"https:\/\/www.eylulinnhouse.com\/en\/wp-json\/wp\/v2\/pages\/729"}],"collection":[{"href":"https:\/\/www.eylulinnhouse.com\/en\/wp-json\/wp\/v2\/pages"}],"about":[{"href":"https:\/\/www.eylulinnhouse.com\/en\/wp-json\/wp\/v2\/types\/page"}],"author":[{"embeddable":true,"href":"https:\/\/www.eylulinnhouse.com\/en\/wp-json\/wp\/v2\/users\/1"}],"replies":[{"embeddable":true,"href":"https:\/\/www.eylulinnhouse.com\/en\/wp-json\/wp\/v2\/comments?post=729"}],"version-history":[{"count":31,"href":"https:\/\/www.eylulinnhouse.com\/en\/wp-json\/wp\/v2\/pages\/729\/revisions"}],"predecessor-version":[{"id":2861,"href":"https:\/\/www.eylulinnhouse.com\/en\/wp-json\/wp\/v2\/pages\/729\/revisions\/2861"}],"wp:attachment":[{"href":"https:\/\/www.eylulinnhouse.com\/en\/wp-json\/wp\/v2\/media?parent=729"}],"curies":[{"name":"wp","href":"https:\/\/api.w.org\/{rel}","templated":true}]}}