{"id":923,"date":"2018-10-07T17:37:14","date_gmt":"2018-10-07T17:37:14","guid":{"rendered":"https:\/\/sunway.freevision.me\/?page_id=923"},"modified":"2024-06-19T06:51:03","modified_gmt":"2024-06-19T06:51:03","slug":"restaurant","status":"publish","type":"page","link":"https:\/\/www.eylulinnhouse.com\/en\/restaurant\/","title":{"rendered":"Restaurant"},"content":{"rendered":"<div data-vc-full-width=\"true\" data-vc-full-width-init=\"false\" data-vc-stretch-content=\"true\" class=\"vc_row wpb_row vc_row-fluid vc_custom_1521262718170 vc_row-has-fill vc_column-gap-0 vc_row-no-padding vc_row-o-full-height vc_row-o-columns-middle vc_row-flex has-bottom-arrow\"><div id=\"row-bottom-arrow-wrapper\"><div id=\"row-bottom-arrow-wrapper-inner\" style=\"color:#ffffff\"><div id=\"row-bottom-arrow-scroll-down\"><span class=\"row-bottom-arrow-arrow-down\"><\/span><span id=\"row-bottom-arrow-scroll-title\">SCROLL DOWN<\/span><\/div><\/div><\/div><div class=\"wpb_column vc_column_container vc_col-sm-12\"><div class=\"vc_column-inner vc_custom_1521262701692\"><div class=\"wpb_wrapper\"><section id=\"velo-slides-1\" class=\"velo-slides\" data-velo-slider=\"on\" data-velo-theme=\"light\">\r\n\t<section class=\"velo-slide\">\r\n\t\t\t\t\t  <div class=\"velo-slide__bg\">\r\n\t\t\t\t\t\t<span class=\"border\"><span><\/span><\/span>\r\n\t\t\t\t\t\t<figure class=\"velo-slide__figure\" style=\"background-image: url(https:\/\/www.eylulinnhouse.com\/wp-content\/uploads\/2024\/06\/MG_4012-scaled.jpg\"><\/figure><\/div>\r\n\t\t\t\t\t  <header class=\"velo-slide__header\"><h3 class=\"velo-slide__title content-font-family\"><span class=\"oh\"><span>Sa\u011fl\u0131k, lezzet\r<\/span><\/span><span class=\"oh\"><span>ile bulu\u015ftu<\/span><\/span><\/h3><span class=\"velo-slide__btn\"><a class=\"btn-draw btn--white\" href=\"#themenu\"><span class=\"btn-draw__text\"><span>Eyl\u00fcl Inn House<\/span><\/span><\/a><\/span><\/header>\r\n\t\t\t\t\t<\/section><section class=\"velo-slide\">\r\n\t\t\t\t\t  <div class=\"velo-slide__bg\">\r\n\t\t\t\t\t\t<span class=\"border\"><span><\/span><\/span>\r\n\t\t\t\t\t\t<figure class=\"velo-slide__figure\" style=\"background-image: url(https:\/\/www.eylulinnhouse.com\/wp-content\/uploads\/2024\/06\/MG_4001-scaled.jpg\"><\/figure><\/div>\r\n\t\t\t\t\t  <header class=\"velo-slide__header\"><h3 class=\"velo-slide__title content-font-family\"><span class=\"oh\"><span>Eyl\u00fcl Inn\r<\/span><\/span><span class=\"oh\"><span>House<\/span><\/span><\/h3><span class=\"velo-slide__btn\"><a class=\"btn-draw btn--white\" href=\"#themenu\"><span class=\"btn-draw__text\"><span>Eyl\u00fcl Inn House<\/span><\/span><\/a><\/span><\/header>\r\n\t\t\t\t\t<\/section>\r\n    <nav class=\"velo-slides-nav\">\r\n      <ul class=\"velo-slides-nav__list\">\r\n        <li>\r\n\t\t  <a class=\"js-velo-slides-prev velo-slides-nav__prev inactive\" href=\"#0\"><i><\/i><i><\/i><\/a>\r\n        <\/li>\r\n        <li>\r\n\t\t  <a class=\"js-velo-slides-next velo-slides-nav__next\" href=\"#0\"><i><\/i><i><\/i><\/a>\r\n        <\/li>\r\n      <\/ul>\r\n    <\/nav>\r\n  <\/section><\/div><\/div><\/div><\/div><div class=\"vc_row-full-width vc_clearfix\"><\/div><div data-vc-full-width=\"true\" data-vc-full-width-init=\"false\" data-vc-stretch-content=\"true\" class=\"vc_row wpb_row vc_row-fluid vc_custom_1538936526141 vc_row-has-fill vc_column-gap-0 vc_row-no-padding vc_row-o-content-middle vc_row-flex\"><div class=\"wpb_column vc_column_container vc_col-sm-6\"><div class=\"vc_column-inner vc_custom_1538936459100\"><div class=\"wpb_wrapper\">\r\n\t<div  class=\"wpb_single_image wpb_content_element vc_align_center  vc_custom_1718779777978\">\r\n\t\t\r\n\t\t<figure class=\"wpb_wrapper vc_figure\">\r\n\t\t\t<div class=\"vc_single_image-wrapper img-wrapper   vc_box_border_grey\"><img width=\"2560\" height=\"1707\" src=\"https:\/\/www.eylulinnhouse.com\/wp-content\/uploads\/2024\/06\/MG_3972-scaled.jpg\" class=\"vc_single_image-img attachment-full\" alt=\"\" decoding=\"async\" loading=\"lazy\" srcset=\"https:\/\/www.eylulinnhouse.com\/wp-content\/uploads\/2024\/06\/MG_3972-scaled.jpg 2560w, https:\/\/www.eylulinnhouse.com\/wp-content\/uploads\/2024\/06\/MG_3972-300x200.jpg 300w, https:\/\/www.eylulinnhouse.com\/wp-content\/uploads\/2024\/06\/MG_3972-1024x683.jpg 1024w, https:\/\/www.eylulinnhouse.com\/wp-content\/uploads\/2024\/06\/MG_3972-768x512.jpg 768w, https:\/\/www.eylulinnhouse.com\/wp-content\/uploads\/2024\/06\/MG_3972-1536x1024.jpg 1536w, https:\/\/www.eylulinnhouse.com\/wp-content\/uploads\/2024\/06\/MG_3972-2048x1365.jpg 2048w, https:\/\/www.eylulinnhouse.com\/wp-content\/uploads\/2024\/06\/MG_3972-18x12.jpg 18w, https:\/\/www.eylulinnhouse.com\/wp-content\/uploads\/2024\/06\/MG_3972-1144x763.jpg 1144w\" sizes=\"(max-width: 2560px) 100vw, 2560px\" \/><\/div>\r\n\t\t<\/figure>\r\n\t<\/div>\r\n<\/div><\/div><\/div><div class=\"wpb_column vc_column_container vc_col-sm-6 zero-mobile-padding zero-mobile-margin\"><div class=\"vc_column-inner vc_custom_1538936205115\"><div class=\"wpb_wrapper\">\n\t<div class=\"wpb_text_column wpb_content_element\" >\n\t\t<div class=\"wpb_wrapper\">\n\t\t\t<h2 style=\"text-align: center;\">Eyl\u00fcl Inn House<\/h2>\n<p>Eyl\u00fcl Inn House&#8217;ta konaklaman\u0131n ayr\u0131cal\u0131\u011f\u0131n\u0131, lezzetli yemekler ve \u00f6zenle d\u00fc\u015f\u00fcn\u00fclm\u00fc\u015f hizmet anlay\u0131\u015f\u0131m\u0131zla ta\u00e7land\u0131r\u0131yoruz. Oda kahvalt\u0131 konseptinde \u00e7al\u0131\u015farak, her sabah misafirlerimize taze ve lezzetli kahvalt\u0131lar sunuyoruz. G\u00fcne enerjik ve mutlu bir ba\u015flang\u0131\u00e7 yapman\u0131z i\u00e7in \u00f6zenle haz\u0131rlanan kahvalt\u0131lar\u0131m\u0131z, geni\u015f yelpazesiyle her damak tad\u0131na hitap eder.<\/p>\n<p>Bunun yan\u0131 s\u0131ra, g\u00fcn boyu hizmet veren alakart restoran\u0131m\u0131zda, \u00f6zenle se\u00e7ilmi\u015f malzemelerle haz\u0131rlanan yemeklerin tad\u0131n\u0131 \u00e7\u0131karabilirsiniz. Restoran\u0131m\u0131z, hem yerel hem de uluslararas\u0131 mutfaklardan lezzetler sunarak, misafirlerimize zengin bir gastronomi deneyimi ya\u015fatmay\u0131 ama\u00e7l\u0131yor. \u015eeflerimizin \u00f6zenle haz\u0131rlad\u0131\u011f\u0131 men\u00fcler, her \u00f6\u011f\u00fcn\u00fc bir ziyafete d\u00f6n\u00fc\u015ft\u00fcr\u00fcyor.<\/p>\n\n\t\t<\/div>\n\t<\/div>\n<span  id=\"wofcb-2\" class=\"ozy-custom_button_w\"><a id=\"ofcb-2\" style=\"--data-bordercolor:#c59d5f\" class=\"ozy-custom_button ocbtn-1\"  href=\"https:\/\/www.eylulinnhouse.com\/en\/iletisim\/\"  target=\"_self\" >REZERVASYON YAP<\/a><\/span><h6 style=\"color: #2f2b2c;text-align: center;font-family:Playfair Display;font-weight:400;font-style:italic\" class=\"vc_custom_heading vc_custom_1718779861293\" >Enfes yemekler Eyl\u00fcl Inn House'da<\/h6><\/div><\/div><\/div><\/div><div class=\"vc_row-full-width vc_clearfix\"><\/div><div data-vc-full-width=\"true\" data-vc-full-width-init=\"false\" data-vc-stretch-content=\"true\" class=\"vc_row wpb_row vc_row-fluid vc_custom_1538936526141 vc_row-has-fill vc_column-gap-0 vc_row-no-padding vc_row-o-content-middle vc_row-flex\"><div class=\"wpb_column vc_column_container vc_col-sm-6\"><div class=\"vc_column-inner vc_custom_1538936459100\"><div class=\"wpb_wrapper\">\r\n\t<div  class=\"wpb_single_image wpb_content_element vc_align_center  vc_custom_1718779798970\">\r\n\t\t\r\n\t\t<figure class=\"wpb_wrapper vc_figure\">\r\n\t\t\t<div class=\"vc_single_image-wrapper img-wrapper   vc_box_border_grey\"><img width=\"1707\" height=\"2560\" src=\"https:\/\/www.eylulinnhouse.com\/wp-content\/uploads\/2024\/06\/MG_4300-scaled.jpg\" class=\"vc_single_image-img attachment-full\" alt=\"\" decoding=\"async\" loading=\"lazy\" srcset=\"https:\/\/www.eylulinnhouse.com\/wp-content\/uploads\/2024\/06\/MG_4300-scaled.jpg 1707w, https:\/\/www.eylulinnhouse.com\/wp-content\/uploads\/2024\/06\/MG_4300-200x300.jpg 200w, https:\/\/www.eylulinnhouse.com\/wp-content\/uploads\/2024\/06\/MG_4300-683x1024.jpg 683w, https:\/\/www.eylulinnhouse.com\/wp-content\/uploads\/2024\/06\/MG_4300-768x1152.jpg 768w, https:\/\/www.eylulinnhouse.com\/wp-content\/uploads\/2024\/06\/MG_4300-1024x1536.jpg 1024w, https:\/\/www.eylulinnhouse.com\/wp-content\/uploads\/2024\/06\/MG_4300-1365x2048.jpg 1365w, https:\/\/www.eylulinnhouse.com\/wp-content\/uploads\/2024\/06\/MG_4300-8x12.jpg 8w, https:\/\/www.eylulinnhouse.com\/wp-content\/uploads\/2024\/06\/MG_4300-1144x1716.jpg 1144w\" sizes=\"(max-width: 1707px) 100vw, 1707px\" \/><\/div>\r\n\t\t<\/figure>\r\n\t<\/div>\r\n<\/div><\/div><\/div><div class=\"wpb_column vc_column_container vc_col-sm-6 zero-mobile-padding zero-mobile-margin\"><div class=\"vc_column-inner vc_custom_1538936205115\"><div class=\"wpb_wrapper\">\r\n\t<div  class=\"wpb_single_image wpb_content_element vc_align_center  vc_custom_1718779806840\">\r\n\t\t\r\n\t\t<figure class=\"wpb_wrapper vc_figure\">\r\n\t\t\t<div class=\"vc_single_image-wrapper img-wrapper   vc_box_border_grey\"><img width=\"1920\" height=\"2560\" src=\"https:\/\/www.eylulinnhouse.com\/wp-content\/uploads\/2024\/06\/e26-scaled.jpg\" class=\"vc_single_image-img attachment-full\" alt=\"\" decoding=\"async\" loading=\"lazy\" srcset=\"https:\/\/www.eylulinnhouse.com\/wp-content\/uploads\/2024\/06\/e26-scaled.jpg 1920w, https:\/\/www.eylulinnhouse.com\/wp-content\/uploads\/2024\/06\/e26-225x300.jpg 225w, https:\/\/www.eylulinnhouse.com\/wp-content\/uploads\/2024\/06\/e26-768x1024.jpg 768w, https:\/\/www.eylulinnhouse.com\/wp-content\/uploads\/2024\/06\/e26-1152x1536.jpg 1152w, https:\/\/www.eylulinnhouse.com\/wp-content\/uploads\/2024\/06\/e26-1536x2048.jpg 1536w, https:\/\/www.eylulinnhouse.com\/wp-content\/uploads\/2024\/06\/e26-9x12.jpg 9w, https:\/\/www.eylulinnhouse.com\/wp-content\/uploads\/2024\/06\/e26-1144x1525.jpg 1144w\" sizes=\"(max-width: 1920px) 100vw, 1920px\" \/><\/div>\r\n\t\t<\/figure>\r\n\t<\/div>\r\n<\/div><\/div><\/div><\/div><div class=\"vc_row-full-width vc_clearfix\"><\/div><div class=\"vc_row wpb_row vc_row-fluid vc_column-gap-0\"><div class=\"wpb_column vc_column_container vc_col-sm-12\"><div class=\"vc_column-inner\"><div class=\"wpb_wrapper\"><div class=\"vc_empty_space\"   style=\"height: 32px\"><span class=\"vc_empty_space_inner\"><\/span><\/div><\/div><\/div><\/div><\/div>","protected":false},"excerpt":{"rendered":"SCROLL DOWN Sa\u011fl\u0131k, lezzet ile bulu\u015ftuEyl\u00fcl Inn House Eyl\u00fcl Inn HouseEyl\u00fcl Inn House Eyl\u00fcl Inn House Eyl\u00fcl Inn House'ta konaklaman\u0131n ayr\u0131cal\u0131\u011f\u0131n\u0131, lezzetli yemekler ve \u00f6zenle d\u00fc\u015f\u00fcn\u00fclm\u00fc\u015f hizmet anlay\u0131\u015f\u0131m\u0131zla ta\u00e7land\u0131r\u0131yoruz. Oda [...]","protected":false},"author":1,"featured_media":0,"parent":0,"menu_order":0,"comment_status":"closed","ping_status":"closed","template":"page-transparent-menu.php","meta":[],"yoast_head":"<!-- This site is optimized with the Yoast SEO Premium plugin v19.6 (Yoast SEO v19.13) - https:\/\/yoast.com\/wordpress\/plugins\/seo\/ -->\n<title>Restaurant - Eyl&uuml;l Inn House<\/title>\n<meta name=\"robots\" content=\"index, follow, max-snippet:-1, max-image-preview:large, max-video-preview:-1\" \/>\n<link rel=\"canonical\" href=\"https:\/\/www.eylulinnhouse.com\/en\/restaurant\/\" \/>\n<meta property=\"og:locale\" content=\"en_US\" \/>\n<meta property=\"og:type\" content=\"article\" \/>\n<meta property=\"og:title\" content=\"Restaurant\" \/>\n<meta property=\"og:url\" content=\"https:\/\/www.eylulinnhouse.com\/en\/restaurant\/\" \/>\n<meta property=\"og:site_name\" content=\"Eyl&uuml;l Inn House\" \/>\n<meta property=\"article:publisher\" content=\"https:\/\/www.facebook.com\/goldengrassthermal\" \/>\n<meta property=\"article:modified_time\" content=\"2024-06-19T06:51:03+00:00\" \/>\n<meta name=\"twitter:card\" content=\"summary_large_image\" \/>\n<meta name=\"twitter:site\" content=\"@goldengrassemet\" \/>\n<meta name=\"twitter:label1\" content=\"Est. reading time\" \/>\n\t<meta name=\"twitter:data1\" content=\"2 minutes\" \/>\n<script type=\"application\/ld+json\" class=\"yoast-schema-graph\">{\"@context\":\"https:\/\/schema.org\",\"@graph\":[{\"@type\":\"WebPage\",\"@id\":\"https:\/\/www.eylulinnhouse.com\/restaurant\/\",\"url\":\"https:\/\/www.eylulinnhouse.com\/restaurant\/\",\"name\":\"Restaurant - Eyl&uuml;l Inn House\",\"isPartOf\":{\"@id\":\"https:\/\/www.eylulinnhouse.com\/#website\"},\"datePublished\":\"2018-10-07T17:37:14+00:00\",\"dateModified\":\"2024-06-19T06:51:03+00:00\",\"breadcrumb\":{\"@id\":\"https:\/\/www.eylulinnhouse.com\/restaurant\/#breadcrumb\"},\"inLanguage\":\"en-US\",\"potentialAction\":[{\"@type\":\"ReadAction\",\"target\":[\"https:\/\/www.eylulinnhouse.com\/restaurant\/\"]}]},{\"@type\":\"BreadcrumbList\",\"@id\":\"https:\/\/www.eylulinnhouse.com\/restaurant\/#breadcrumb\",\"itemListElement\":[{\"@type\":\"ListItem\",\"position\":1,\"name\":\"Anasayfa\",\"item\":\"https:\/\/www.eylulinnhouse.com\/\"},{\"@type\":\"ListItem\",\"position\":2,\"name\":\"Restaurant\"}]},{\"@type\":\"WebSite\",\"@id\":\"https:\/\/www.eylulinnhouse.com\/#website\",\"url\":\"https:\/\/www.eylulinnhouse.com\/\",\"name\":\"Eyl\u00fcl Inn House\",\"description\":\"K\u00fc\u00e7\u00fckkuyu&#039;da Ferah Konaklama\",\"publisher\":{\"@id\":\"https:\/\/www.eylulinnhouse.com\/#organization\"},\"potentialAction\":[{\"@type\":\"SearchAction\",\"target\":{\"@type\":\"EntryPoint\",\"urlTemplate\":\"https:\/\/www.eylulinnhouse.com\/?s={search_term_string}\"},\"query-input\":\"required name=search_term_string\"}],\"inLanguage\":\"en-US\"},{\"@type\":\"Organization\",\"@id\":\"https:\/\/www.eylulinnhouse.com\/#organization\",\"name\":\"Eyl\u00fcl Inn House\",\"url\":\"https:\/\/www.eylulinnhouse.com\/\",\"logo\":{\"@type\":\"ImageObject\",\"inLanguage\":\"en-US\",\"@id\":\"https:\/\/www.eylulinnhouse.com\/#\/schema\/logo\/image\/\",\"url\":\"https:\/\/www.eylulinnhouse.com\/wp-content\/uploads\/2024\/06\/siteikon.png\",\"contentUrl\":\"https:\/\/www.eylulinnhouse.com\/wp-content\/uploads\/2024\/06\/siteikon.png\",\"width\":261,\"height\":261,\"caption\":\"Eyl\u00fcl Inn House\"},\"image\":{\"@id\":\"https:\/\/www.eylulinnhouse.com\/#\/schema\/logo\/image\/\"},\"sameAs\":[\"https:\/\/www.instagram.com\/goldengrasstermal\",\"https:\/\/www.facebook.com\/goldengrassthermal\",\"https:\/\/twitter.com\/goldengrassemet\"]}]}<\/script>\n<!-- \/ Yoast SEO Premium plugin. -->","yoast_head_json":{"title":"Restaurant - Eyl&uuml;l Inn House","robots":{"index":"index","follow":"follow","max-snippet":"max-snippet:-1","max-image-preview":"max-image-preview:large","max-video-preview":"max-video-preview:-1"},"canonical":"https:\/\/www.eylulinnhouse.com\/en\/restaurant\/","og_locale":"en_US","og_type":"article","og_title":"Restaurant","og_url":"https:\/\/www.eylulinnhouse.com\/en\/restaurant\/","og_site_name":"Eyl&uuml;l Inn House","article_publisher":"https:\/\/www.facebook.com\/goldengrassthermal","article_modified_time":"2024-06-19T06:51:03+00:00","twitter_card":"summary_large_image","twitter_site":"@goldengrassemet","twitter_misc":{"Est. reading time":"2 minutes"},"schema":{"@context":"https:\/\/schema.org","@graph":[{"@type":"WebPage","@id":"https:\/\/www.eylulinnhouse.com\/restaurant\/","url":"https:\/\/www.eylulinnhouse.com\/restaurant\/","name":"Restaurant - Eyl&uuml;l Inn House","isPartOf":{"@id":"https:\/\/www.eylulinnhouse.com\/#website"},"datePublished":"2018-10-07T17:37:14+00:00","dateModified":"2024-06-19T06:51:03+00:00","breadcrumb":{"@id":"https:\/\/www.eylulinnhouse.com\/restaurant\/#breadcrumb"},"inLanguage":"en-US","potentialAction":[{"@type":"ReadAction","target":["https:\/\/www.eylulinnhouse.com\/restaurant\/"]}]},{"@type":"BreadcrumbList","@id":"https:\/\/www.eylulinnhouse.com\/restaurant\/#breadcrumb","itemListElement":[{"@type":"ListItem","position":1,"name":"Anasayfa","item":"https:\/\/www.eylulinnhouse.com\/"},{"@type":"ListItem","position":2,"name":"Restaurant"}]},{"@type":"WebSite","@id":"https:\/\/www.eylulinnhouse.com\/#website","url":"https:\/\/www.eylulinnhouse.com\/","name":"Eyl\u00fcl Inn House","description":"K\u00fc\u00e7\u00fckkuyu&#039;da Ferah Konaklama","publisher":{"@id":"https:\/\/www.eylulinnhouse.com\/#organization"},"potentialAction":[{"@type":"SearchAction","target":{"@type":"EntryPoint","urlTemplate":"https:\/\/www.eylulinnhouse.com\/?s={search_term_string}"},"query-input":"required name=search_term_string"}],"inLanguage":"en-US"},{"@type":"Organization","@id":"https:\/\/www.eylulinnhouse.com\/#organization","name":"Eyl\u00fcl Inn House","url":"https:\/\/www.eylulinnhouse.com\/","logo":{"@type":"ImageObject","inLanguage":"en-US","@id":"https:\/\/www.eylulinnhouse.com\/#\/schema\/logo\/image\/","url":"https:\/\/www.eylulinnhouse.com\/wp-content\/uploads\/2024\/06\/siteikon.png","contentUrl":"https:\/\/www.eylulinnhouse.com\/wp-content\/uploads\/2024\/06\/siteikon.png","width":261,"height":261,"caption":"Eyl\u00fcl Inn House"},"image":{"@id":"https:\/\/www.eylulinnhouse.com\/#\/schema\/logo\/image\/"},"sameAs":["https:\/\/www.instagram.com\/goldengrasstermal","https:\/\/www.facebook.com\/goldengrassthermal","https:\/\/twitter.com\/goldengrassemet"]}]}},"_links":{"self":[{"href":"https:\/\/www.eylulinnhouse.com\/en\/wp-json\/wp\/v2\/pages\/923"}],"collection":[{"href":"https:\/\/www.eylulinnhouse.com\/en\/wp-json\/wp\/v2\/pages"}],"about":[{"href":"https:\/\/www.eylulinnhouse.com\/en\/wp-json\/wp\/v2\/types\/page"}],"author":[{"embeddable":true,"href":"https:\/\/www.eylulinnhouse.com\/en\/wp-json\/wp\/v2\/users\/1"}],"replies":[{"embeddable":true,"href":"https:\/\/www.eylulinnhouse.com\/en\/wp-json\/wp\/v2\/comments?post=923"}],"version-history":[{"count":22,"href":"https:\/\/www.eylulinnhouse.com\/en\/wp-json\/wp\/v2\/pages\/923\/revisions"}],"predecessor-version":[{"id":2854,"href":"https:\/\/www.eylulinnhouse.com\/en\/wp-json\/wp\/v2\/pages\/923\/revisions\/2854"}],"wp:attachment":[{"href":"https:\/\/www.eylulinnhouse.com\/en\/wp-json\/wp\/v2\/media?parent=923"}],"curies":[{"name":"wp","href":"https:\/\/api.w.org\/{rel}","templated":true}]}}