{"id":967,"date":"2018-10-08T18:38:45","date_gmt":"2018-10-08T18:38:45","guid":{"rendered":"https:\/\/sunway.freevision.me\/?page_id=967"},"modified":"2024-06-18T14:56:42","modified_gmt":"2024-06-18T14:56:42","slug":"neler-yapabiliriz","status":"publish","type":"page","link":"https:\/\/www.eylulinnhouse.com\/en\/neler-yapabiliriz\/","title":{"rendered":"Neler Yapabiliriz?"},"content":{"rendered":"<div class=\"vc_row wpb_row vc_row-fluid vc_custom_1539028483589 vc_column-gap-0\"><div class=\"wpb_column vc_column_container vc_col-sm-12\"><div class=\"vc_column-inner\"><div class=\"wpb_wrapper\"><h1 style=\"text-align: center\" class=\"vc_custom_heading\" >Neler Yapabiliriz?<\/h1><h5 style=\"color: #c59d5f;text-align: center;font-family:Playfair Display;font-weight:400;font-style:italic\" class=\"vc_custom_heading\" >Tarihi ve K\u00fclt\u00fcrel Tur Sizi Bekliyor<\/h5><\/div><\/div><\/div><\/div><div class=\"vc_row wpb_row vc_row-fluid vc_column-gap-0\"><div class=\"wpb_column vc_column_container vc_col-sm-6\"><div class=\"vc_column-inner\"><div class=\"wpb_wrapper\"><div class=\"ozy-call-to-action-box\" style=\"background-image:url(https:\/\/www.eylulinnhouse.com\/wp-content\/uploads\/2024\/06\/zeus_altari.jpeg);height:500px\"><div class=\"shadow-wrapper\"><\/div><div class=\"overlay-wrapper\"><h2>Zeus Altar\u0131<\/h2><span class=\"shared-border-color\"><\/span><a href=\"tel:\" target=\"_self\">Rezervasyon \u2192<\/a><\/div><\/div>\n\t<div class=\"wpb_text_column wpb_content_element  vc_custom_1718722078529\" >\n\t\t<div class=\"wpb_wrapper\">\n\t\t\t<p>Homeros, \u0130lyada Destan\u0131nda Tanr\u0131lar\u0131n \u0130da Da\u011f\u0131nda ya\u015fad\u0131klar\u0131ndan ve Troia (Truva) Sava\u015f\u0131n\u0131 buradan izleyip y\u00f6nettiklerinden s\u00f6z eder. Tanr\u0131lar Tanr\u0131s\u0131 Zeus\u2019un da burada ya\u015fad\u0131\u011f\u0131 ve sava\u015f\u0131 izleyip y\u00f6netti\u011fi yine bu destanda yer al\u0131r. B\u00f6lgede \u00e7al\u0131\u015fma yapan ara\u015ft\u0131rmac\u0131lar da bu y\u00fcksek, denize ve Edremit k\u00f6rfezine hakim bir tepe \u00fczerine in\u015fa edilen mekan\u0131n ba\u015f tanr\u0131 Zeus\u2019a ait oldu\u011funu d\u00fc\u015f\u00fcnmektedirler.<\/p>\n\n\t\t<\/div>\n\t<\/div>\n<\/div><\/div><\/div><div class=\"wpb_column vc_column_container vc_col-sm-6\"><div class=\"vc_column-inner\"><div class=\"wpb_wrapper\"><div class=\"ozy-call-to-action-box\" style=\"background-image:url(https:\/\/www.eylulinnhouse.com\/wp-content\/uploads\/2022\/12\/tahtali-goleti.webp);height:500px\"><div class=\"shadow-wrapper\"><\/div><div class=\"overlay-wrapper\"><h2>Adatepe K\u00f6y\u00fc<\/h2><span class=\"shared-border-color\"><\/span><a href=\"tel:\" target=\"_self\">Rezervasyon \u2192<\/a><\/div><\/div>\n\t<div class=\"wpb_text_column wpb_content_element  vc_custom_1718722106235\" >\n\t\t<div class=\"wpb_wrapper\">\n\t\t\t<p>Tarihi ta\u015f evlerinin aras\u0131nda dola\u015ft\u0131ktan sonra, meydandaki as\u0131rl\u0131k \u00e7\u0131nar alt\u0131ndaki kahvelerde oturup; yemye\u015fil do\u011fan\u0131n, bol oksijenin, lezzetli yemeklerin keyfini \u00e7\u0131karaca\u011f\u0131n\u0131z bir yer. Anlayaca\u011f\u0131n\u0131z do\u011fa g\u00fczel, doku g\u00fczel, tarihi g\u00fczel, atmosferi g\u00fczel bir k\u00f6y buras\u0131. G\u00fcler y\u00fczl\u00fc insan\u0131, do\u011fal \u00fcr\u00fcnleri ve \u015f\u0131k kafeleriyle\u00a0Adatepe, hemen hemen her mevsim ziyaret\u00e7i a\u011f\u0131rlayan, huzurun ve dinginli\u011fin sar\u0131p sarmalad\u0131\u011f\u0131 nadide bir yer.<\/p>\n\n\t\t<\/div>\n\t<\/div>\n<\/div><\/div><\/div><\/div><div class=\"vc_row wpb_row vc_row-fluid vc_custom_1539029171857 vc_column-gap-0\"><div class=\"wpb_column vc_column_container vc_col-sm-12\"><div class=\"vc_column-inner\"><div class=\"wpb_wrapper\"><div class=\"vc_separator wpb_content_element vc_separator_align_center vc_sep_width_100 vc_sep_pos_align_center vc_separator_no_text vc_sep_color_grey\" ><span class=\"vc_sep_holder vc_sep_holder_l\"><span  class=\"vc_sep_line\"><\/span><\/span><span class=\"vc_sep_holder vc_sep_holder_r\"><span  class=\"vc_sep_line\"><\/span><\/span>\n<\/div><\/div><\/div><\/div><\/div><div class=\"vc_row wpb_row vc_row-fluid vc_custom_1543003587189 vc_column-gap-0\"><div class=\"wpb_column vc_column_container vc_col-sm-6\"><div class=\"vc_column-inner\"><div class=\"wpb_wrapper\"><div class=\"ozy-call-to-action-box\" style=\"background-image:url(https:\/\/www.eylulinnhouse.com\/wp-content\/uploads\/2024\/06\/mihli_selalesi.jpg);height:500px\"><div class=\"shadow-wrapper\"><\/div><div class=\"overlay-wrapper\"><h2>M\u0131hl\u0131 \u015eelalesi Ba\u015f De\u011firmen K\u00f6pr\u00fcs\u00fc ve De\u011firmeni<\/h2><span class=\"shared-border-color\"><\/span><a href=\"tel:\" target=\"_self\">Rezervasyon \u2192<\/a><\/div><\/div>\n\t<div class=\"wpb_text_column wpb_content_element  vc_custom_1718722159795\" >\n\t\t<div class=\"wpb_wrapper\">\n\t\t\t<p>K\u00fc\u00e7\u00fckkuyu\u2019ya hayat veren M\u0131hl\u0131 \u00c7ay\u0131 c\u00f6mert\u00e7e sergiledi\u011fi do\u011fal g\u00fczellikleriyle mutlaka g\u00f6r\u00fclmesi gereken yerlerdendir. B\u00f6lgeye giden yolun 5 km sonras\u0131nda kar\u015f\u0131n\u0131za \u00e7\u0131kan Ba\u015fde\u011firmen m\u0131nt\u0131kas\u0131 \u00fcnl\u00fc bir mesire yeridir. M\u0131hl\u0131 \u00c7ay\u0131\u2019n\u0131n bereketi topra\u011fa \u00f6yle yaram\u0131\u015f ki, a\u011fa\u00e7lardan g\u00f6ky\u00fcz\u00fc g\u00f6r\u00fcnm\u00fcyor. Burada Rumlardan kalma bir de\u011firmen var. Su yollar\u0131 ve ta\u015flar\u0131 aynen muhafaza edilen de\u011firmen restore edilmi\u015f. Roma d\u00f6neminden kalma kemerli bir k\u00f6pr\u00fc de bu de\u011firmene e\u015flik ediyor. De\u011firmenin bir ka\u00e7 km sonras\u0131nda y\u00fcz\u00fclebilecek \u00f6l\u00e7\u00fclerde harika bir g\u00f6let ve bu g\u00f6lete akan harika \u015felale bulunmaktad\u0131r.<\/p>\n\n\t\t<\/div>\n\t<\/div>\n<\/div><\/div><\/div><div class=\"wpb_column vc_column_container vc_col-sm-6\"><div class=\"vc_column-inner\"><div class=\"wpb_wrapper\"><div class=\"ozy-call-to-action-box\" style=\"background-image:url(https:\/\/www.eylulinnhouse.com\/wp-content\/uploads\/2024\/06\/yesilyurt.jpg);height:500px\"><div class=\"shadow-wrapper\"><\/div><div class=\"overlay-wrapper\"><h2>Ye\u015filyurt K\u00f6y\u00fc<\/h2><span class=\"shared-border-color\"><\/span><a href=\"tel:\" target=\"_self\">Rezervasyon \u2192<\/a><\/div><\/div>\n\t<div class=\"wpb_text_column wpb_content_element  vc_custom_1718722214910\" >\n\t\t<div class=\"wpb_wrapper\">\n\t\t\t<p>Kaz da\u011flar\u0131\u2019n\u0131n eteklerinde s\u0131k bitki \u00f6rt\u00fcs\u00fc ile hem deniz hem da\u011f turizminin birlikte ya\u015fand\u0131\u011f\u0131 Ye\u015filyurt K\u00f6y\u00fc, denize k\u0131y\u0131s\u0131na uzakl\u0131\u011f\u0131 sadece 3 km olan bir oksijen \u00e7ad\u0131r\u0131d\u0131r. K\u00f6ydeki evler, ta\u015f mimarinin en g\u00fczel \u00f6rnekleridir. Y\u00fczy\u0131llar\u0131n birikiminin olu\u015fturdu\u011fu bu ta\u015f evler, son y\u0131llarda \u0130stanbul ve \u0130zmir\u2018den gelen ve do\u011fal ya\u015fam\u0131 se\u00e7en ailelerin, hatta yabanc\u0131lar\u0131n g\u00f6zdesi olmu\u015f. Ayr\u0131ca rengarenk a\u00e7an sardunyalar evlerin \u00f6n y\u00fczlerini s\u00fcsl\u00fcyor. Ye\u015filyurt K\u00f6y\u00fc\u2019n\u00fcn patika yollar\u0131 y\u00fcr\u00fcy\u00fc\u015f\u00fc sevenler i\u00e7in, ideal bir parkur olu\u015fturuyor. Badem a\u011fa\u00e7lar\u0131 ile bezenmi\u015f yama\u00e7lar\u0131, \u015fifal\u0131 bitkileri, ba\u015f d\u00f6nd\u00fcr\u00fcc\u00fc kokular sa\u00e7an \u00e7i\u00e7ek ve otlar\u0131 ile bezenmi\u015f k\u00f6y, \u00f6zellikle ast\u0131m ve kalp hastalar\u0131 i\u00e7in ger\u00e7ek bir \u015fifa kayna\u011f\u0131d\u0131r. Bir zamanlar Rumlar\u0131n da ya\u015fad\u0131\u011f\u0131 k\u00f6y\u00fcn meydan\u0131nda bulunan tarihi cami, minaresi ile dikkati \u00e7ekiyor. Bu caminin yap\u0131m\u0131nda Yunanl\u0131 ustalar \u00e7al\u0131\u015ft\u0131\u011f\u0131 i\u00e7in bu ilgin\u00e7 yap\u0131, camiden ziyade kilise g\u00f6r\u00fcn\u00fcm\u00fcn\u00fc and\u0131r\u0131yor.<\/p>\n\n\t\t<\/div>\n\t<\/div>\n<\/div><\/div><\/div><\/div><div class=\"vc_row wpb_row vc_row-fluid vc_custom_1543003587189 vc_column-gap-0\"><div class=\"wpb_column vc_column_container vc_col-sm-6\"><div class=\"vc_column-inner\"><div class=\"wpb_wrapper\"><div class=\"ozy-call-to-action-box\" style=\"background-image:url(https:\/\/www.eylulinnhouse.com\/wp-content\/uploads\/2024\/06\/antik_liman.jpeg);height:500px\"><div class=\"shadow-wrapper\"><\/div><div class=\"overlay-wrapper\"><h2>Assos Antik Kenti ve Liman\u0131<\/h2><span class=\"shared-border-color\"><\/span><a href=\"tel:\" target=\"_self\">Rezervasyon \u2192<\/a><\/div><\/div>\n\t<div class=\"wpb_text_column wpb_content_element  vc_custom_1718722276799\" >\n\t\t<div class=\"wpb_wrapper\">\n\t\t\t<p>Assos Antik Kenti\u00a0(Behramkale)\u00a0Antik\u00a0ad\u0131yla\u00a0Assos\u00a0di\u011fer ad\u0131yla Behramkale, Kuzey Ege\u2019de \u00c7ankkale\u2019nin Ayvac\u0131k il\u00e7esine ba\u011fl\u0131 bir k\u00f6y. Tarih\u00e7esi M.\u00d6. \u2026 Ancak Osmanl\u0131 d\u00f6neminde yerle\u015fim ters istikamette, tepeye do\u011fru kurulmu\u015f ve Behramkale K\u00f6y\u00fc ortaya \u00e7\u0131km\u0131\u015f.<\/p>\n\n\t\t<\/div>\n\t<\/div>\n<\/div><\/div><\/div><div class=\"wpb_column vc_column_container vc_col-sm-6\"><div class=\"vc_column-inner\"><div class=\"wpb_wrapper\"><div class=\"ozy-call-to-action-box\" style=\"background-image:url(https:\/\/www.eylulinnhouse.com\/wp-content\/uploads\/2024\/06\/cunda.jpeg);height:500px\"><div class=\"shadow-wrapper\"><\/div><div class=\"overlay-wrapper\"><h2>Cunda Adas\u0131<\/h2><span class=\"shared-border-color\"><\/span><a href=\"tel:\" target=\"_blank\">Rezervasyon \u2192<\/a><\/div><\/div>\n\t<div class=\"wpb_text_column wpb_content_element  vc_custom_1718722492175\" >\n\t\t<div class=\"wpb_wrapper\">\n\t\t\t<p>Cunda Adas\u0131\u00a0Alibey\u00a0Adas\u0131, idari bak\u0131mdan Bal\u0131kesir\u2019in Ayval\u0131k il\u00e7esine ba\u011fl\u0131d\u0131r. Ayval\u0131k koyundaki irili ufakl\u0131 22 adan\u0131n i\u00e7erisinde yerle\u015fime sahip tek\u00a0ada\u00a0Alibey\u2019dir.T\u00fcrkiye\u2019nin Ege Denizi\u2019nde bulunan 3. b\u00fcy\u00fck adas\u0131d\u0131r.<\/p>\n\n\t\t<\/div>\n\t<\/div>\n<\/div><\/div><\/div><\/div><div class=\"vc_row wpb_row vc_row-fluid vc_custom_1543003587189 vc_column-gap-0\"><div class=\"wpb_column vc_column_container vc_col-sm-6\"><div class=\"vc_column-inner\"><div class=\"wpb_wrapper\"><div class=\"ozy-call-to-action-box\" style=\"background-image:url(https:\/\/www.eylulinnhouse.com\/wp-content\/uploads\/2024\/06\/milli_park.jpeg);height:500px\"><div class=\"shadow-wrapper\"><\/div><div class=\"overlay-wrapper\"><h2>Kaz Da\u011flar\u0131 Milli Park\u0131<\/h2><span class=\"shared-border-color\"><\/span><a href=\"tel:\" target=\"_self\">Rezervasyon \u2192<\/a><\/div><\/div>\n\t<div class=\"wpb_text_column wpb_content_element  vc_custom_1718722372044\" >\n\t\t<div class=\"wpb_wrapper\">\n\t\t\t<p>Yunan mitolojisinde b\u00fcy\u00fck yer kaplayan Kaz Da\u011flar\u0131\u2019n\u0131n Antik \u00c7a\u011fda bilinen ad\u0131 \u0130da Da\u011f\u0131\u2019d\u0131r. Homeros\u2019un ilyadas\u0131\u2019nda ad\u0131 ge\u00e7en \u0130da Da\u011f\u0131 Zeus\u2019un do\u011fdu\u011fu da\u011fd\u0131r. Kaz Da\u011flar\u0131\u2019n\u0131n bir k\u0131sm\u0131 1933 y\u0131l\u0131nda Milli Park ilan edilerek koruma alt\u0131na al\u0131nm\u0131\u015ft\u0131r.<\/p>\n\n\t\t<\/div>\n\t<\/div>\n<\/div><\/div><\/div><div class=\"wpb_column vc_column_container vc_col-sm-6\"><div class=\"vc_column-inner\"><div class=\"wpb_wrapper\"><div class=\"ozy-call-to-action-box\" style=\"background-image:url(https:\/\/www.eylulinnhouse.com\/wp-content\/uploads\/2024\/06\/bozcaada.jpeg);height:500px\"><div class=\"shadow-wrapper\"><\/div><div class=\"overlay-wrapper\"><h2>Bozcaada<\/h2><span class=\"shared-border-color\"><\/span><a href=\"tel:\" target=\"_blank\">Rezervasyon \u2192<\/a><\/div><\/div>\n\t<div class=\"wpb_text_column wpb_content_element  vc_custom_1718722421894\" >\n\t\t<div class=\"wpb_wrapper\">\n\t\t\t<p>Bozcaada (Yunanca: Tenedos), T\u00fcrkiye\u2019nin 3. b\u00fcy\u00fck adas\u0131, bu ada \u00fczerinde yer alan, \u00c7anakkale iline ba\u011fl\u0131 il\u00e7e.<br \/>\nAdan\u0131n (ve il\u00e7enin) y\u00fcz\u00f6l\u00e7\u00fcm\u00fc 40 km\u00b2, anakaraya uzakl\u0131\u011f\u0131 6 km\u2019dir. Resmi n\u00fcfusu 2.543 olup, k\u0131\u015flar\u0131 1.000 civar\u0131na d\u00fc\u015fer, yazlar\u0131 ise 5.000\u2019e \u00e7\u0131kar.<br \/>\n\u015earap \u00fcretimi, bal\u0131k\u00e7\u0131l\u0131k ve \u00f6zellikle 1990\u2019lardan itibaren turizm ba\u015fl\u0131ca iktisadi etkinliklerdir.<\/p>\n\n\t\t<\/div>\n\t<\/div>\n<\/div><\/div><\/div><\/div><div class=\"vc_row wpb_row vc_row-fluid vc_custom_1543003587189 vc_column-gap-0\"><div class=\"wpb_column vc_column_container vc_col-sm-6\"><div class=\"vc_column-inner\"><div class=\"wpb_wrapper\"><div class=\"ozy-call-to-action-box\" style=\"background-image:url(https:\/\/www.eylulinnhouse.com\/wp-content\/uploads\/2024\/06\/truva.jpg);height:500px\"><div class=\"shadow-wrapper\"><\/div><div class=\"overlay-wrapper\"><h2>\u0130skenderiye Troas ve Truva At\u0131<\/h2><span class=\"shared-border-color\"><\/span><a href=\"tel:\" target=\"_self\">Rezervasyon \u2192<\/a><\/div><\/div>\n\t<div class=\"wpb_text_column wpb_content_element  vc_custom_1718722550129\" >\n\t\t<div class=\"wpb_wrapper\">\n\t\t\t<p>Truva at\u0131, zekas\u0131yla \u00fcnl\u00fc Odysseus\u2019un\u00a0Truva\u00a0surlar\u0131n\u0131 a\u015fmak ve \u015fehre gizlice girmek i\u00e7in yapt\u0131rd\u0131\u011f\u0131 tahtadan at maketidir.Sava\u015f yakla\u015f\u0131k 10 y\u0131ld\u0131r s\u00fcr\u00fcyordur. Askerler b\u0131kk\u0131n ve yorgundur. Zekas\u0131 y\u00fcz\u00fcnden Athena taraf\u0131ndan da sevilen Odysseus\u2019un akl\u0131na tahtadan bir at yapma fikri gelir.<\/p>\n\n\t\t<\/div>\n\t<\/div>\n<\/div><\/div><\/div><div class=\"wpb_column vc_column_container vc_col-sm-6\"><div class=\"vc_column-inner\"><div class=\"wpb_wrapper\"><div class=\"ozy-call-to-action-box\" style=\"background-image:url(https:\/\/www.eylulinnhouse.com\/wp-content\/uploads\/2024\/06\/abide.jpeg);height:500px\"><div class=\"shadow-wrapper\"><\/div><div class=\"overlay-wrapper\"><h2>\u00c7anakkale Abideleri<\/h2><span class=\"shared-border-color\"><\/span><a href=\"tel:\" target=\"_blank\">Rezervasyon \u2192<\/a><\/div><\/div>\n\t<div class=\"wpb_text_column wpb_content_element  vc_custom_1718722602121\" >\n\t\t<div class=\"wpb_wrapper\">\n\t\t\t<p>Abide, T\u00fcrk\u2019\u00fcn t\u00fckenmezli\u011finin bir simgesi, birlik ve beraberli\u011fimizin en iyi kan\u0131t\u0131. \u015eehitler Abidesi\u2019nin etraf\u0131 yemye\u015fil alan ile \u00e7evrilidir. \u00c7anakkale \u015eehitler Abidesi tarihi hakk\u0131nda k\u0131saca bilgi verecek olursak, an\u0131t\u0131n yap\u0131m\u0131na 1954 y\u0131l\u0131nda ba\u015flanm\u0131\u015f ve 21 a\u011fustos 1960\u2019da in\u015faat\u0131 tamamlanarak ziyarete a\u00e7\u0131lm\u0131\u015f.<\/p>\n\n\t\t<\/div>\n\t<\/div>\n<\/div><\/div><\/div><\/div>","protected":false},"excerpt":{"rendered":"Neler Yapabiliriz?Tarihi ve K\u00fclt\u00fcrel Tur Sizi BekliyorZeus Altar\u0131Rezervasyon \u2192 Homeros, \u0130lyada Destan\u0131nda Tanr\u0131lar\u0131n \u0130da Da\u011f\u0131nda ya\u015fad\u0131klar\u0131ndan ve Troia (Truva) Sava\u015f\u0131n\u0131 buradan izleyip y\u00f6nettiklerinden s\u00f6z eder. Tanr\u0131lar Tanr\u0131s\u0131 Zeus\u2019un da burada [...]","protected":false},"author":1,"featured_media":0,"parent":0,"menu_order":0,"comment_status":"closed","ping_status":"closed","template":"","meta":[],"yoast_head":"<!-- This site is optimized with the Yoast SEO Premium plugin v19.6 (Yoast SEO v19.13) - https:\/\/yoast.com\/wordpress\/plugins\/seo\/ -->\n<title>Neler Yapabiliriz? - Eyl&uuml;l Inn House<\/title>\n<meta name=\"robots\" content=\"index, follow, max-snippet:-1, max-image-preview:large, max-video-preview:-1\" \/>\n<link rel=\"canonical\" href=\"https:\/\/www.eylulinnhouse.com\/en\/neler-yapabiliriz\/\" \/>\n<meta property=\"og:locale\" content=\"en_US\" \/>\n<meta property=\"og:type\" content=\"article\" \/>\n<meta property=\"og:title\" content=\"Neler Yapabiliriz?\" \/>\n<meta property=\"og:url\" content=\"https:\/\/www.eylulinnhouse.com\/en\/neler-yapabiliriz\/\" \/>\n<meta property=\"og:site_name\" content=\"Eyl&uuml;l Inn House\" \/>\n<meta property=\"article:publisher\" content=\"https:\/\/www.facebook.com\/goldengrassthermal\" \/>\n<meta property=\"article:modified_time\" content=\"2024-06-18T14:56:42+00:00\" \/>\n<meta name=\"twitter:card\" content=\"summary_large_image\" \/>\n<meta name=\"twitter:site\" content=\"@goldengrassemet\" \/>\n<meta name=\"twitter:label1\" content=\"Est. reading time\" \/>\n\t<meta name=\"twitter:data1\" content=\"5 minutes\" \/>\n<script type=\"application\/ld+json\" class=\"yoast-schema-graph\">{\"@context\":\"https:\/\/schema.org\",\"@graph\":[{\"@type\":\"WebPage\",\"@id\":\"https:\/\/www.eylulinnhouse.com\/neler-yapabiliriz\/\",\"url\":\"https:\/\/www.eylulinnhouse.com\/neler-yapabiliriz\/\",\"name\":\"Neler Yapabiliriz? - Eyl&uuml;l Inn House\",\"isPartOf\":{\"@id\":\"https:\/\/www.eylulinnhouse.com\/#website\"},\"datePublished\":\"2018-10-08T18:38:45+00:00\",\"dateModified\":\"2024-06-18T14:56:42+00:00\",\"breadcrumb\":{\"@id\":\"https:\/\/www.eylulinnhouse.com\/neler-yapabiliriz\/#breadcrumb\"},\"inLanguage\":\"en-US\",\"potentialAction\":[{\"@type\":\"ReadAction\",\"target\":[\"https:\/\/www.eylulinnhouse.com\/neler-yapabiliriz\/\"]}]},{\"@type\":\"BreadcrumbList\",\"@id\":\"https:\/\/www.eylulinnhouse.com\/neler-yapabiliriz\/#breadcrumb\",\"itemListElement\":[{\"@type\":\"ListItem\",\"position\":1,\"name\":\"Anasayfa\",\"item\":\"https:\/\/www.eylulinnhouse.com\/\"},{\"@type\":\"ListItem\",\"position\":2,\"name\":\"Neler Yapabiliriz?\"}]},{\"@type\":\"WebSite\",\"@id\":\"https:\/\/www.eylulinnhouse.com\/#website\",\"url\":\"https:\/\/www.eylulinnhouse.com\/\",\"name\":\"Eyl\u00fcl Inn House\",\"description\":\"K\u00fc\u00e7\u00fckkuyu&#039;da Ferah Konaklama\",\"publisher\":{\"@id\":\"https:\/\/www.eylulinnhouse.com\/#organization\"},\"potentialAction\":[{\"@type\":\"SearchAction\",\"target\":{\"@type\":\"EntryPoint\",\"urlTemplate\":\"https:\/\/www.eylulinnhouse.com\/?s={search_term_string}\"},\"query-input\":\"required name=search_term_string\"}],\"inLanguage\":\"en-US\"},{\"@type\":\"Organization\",\"@id\":\"https:\/\/www.eylulinnhouse.com\/#organization\",\"name\":\"Eyl\u00fcl Inn House\",\"url\":\"https:\/\/www.eylulinnhouse.com\/\",\"logo\":{\"@type\":\"ImageObject\",\"inLanguage\":\"en-US\",\"@id\":\"https:\/\/www.eylulinnhouse.com\/#\/schema\/logo\/image\/\",\"url\":\"https:\/\/www.eylulinnhouse.com\/wp-content\/uploads\/2024\/06\/siteikon.png\",\"contentUrl\":\"https:\/\/www.eylulinnhouse.com\/wp-content\/uploads\/2024\/06\/siteikon.png\",\"width\":261,\"height\":261,\"caption\":\"Eyl\u00fcl Inn House\"},\"image\":{\"@id\":\"https:\/\/www.eylulinnhouse.com\/#\/schema\/logo\/image\/\"},\"sameAs\":[\"https:\/\/www.instagram.com\/goldengrasstermal\",\"https:\/\/www.facebook.com\/goldengrassthermal\",\"https:\/\/twitter.com\/goldengrassemet\"]}]}<\/script>\n<!-- \/ Yoast SEO Premium plugin. -->","yoast_head_json":{"title":"Neler Yapabiliriz? - Eyl&uuml;l Inn House","robots":{"index":"index","follow":"follow","max-snippet":"max-snippet:-1","max-image-preview":"max-image-preview:large","max-video-preview":"max-video-preview:-1"},"canonical":"https:\/\/www.eylulinnhouse.com\/en\/neler-yapabiliriz\/","og_locale":"en_US","og_type":"article","og_title":"Neler Yapabiliriz?","og_url":"https:\/\/www.eylulinnhouse.com\/en\/neler-yapabiliriz\/","og_site_name":"Eyl&uuml;l Inn House","article_publisher":"https:\/\/www.facebook.com\/goldengrassthermal","article_modified_time":"2024-06-18T14:56:42+00:00","twitter_card":"summary_large_image","twitter_site":"@goldengrassemet","twitter_misc":{"Est. reading time":"5 minutes"},"schema":{"@context":"https:\/\/schema.org","@graph":[{"@type":"WebPage","@id":"https:\/\/www.eylulinnhouse.com\/neler-yapabiliriz\/","url":"https:\/\/www.eylulinnhouse.com\/neler-yapabiliriz\/","name":"Neler Yapabiliriz? - Eyl&uuml;l Inn House","isPartOf":{"@id":"https:\/\/www.eylulinnhouse.com\/#website"},"datePublished":"2018-10-08T18:38:45+00:00","dateModified":"2024-06-18T14:56:42+00:00","breadcrumb":{"@id":"https:\/\/www.eylulinnhouse.com\/neler-yapabiliriz\/#breadcrumb"},"inLanguage":"en-US","potentialAction":[{"@type":"ReadAction","target":["https:\/\/www.eylulinnhouse.com\/neler-yapabiliriz\/"]}]},{"@type":"BreadcrumbList","@id":"https:\/\/www.eylulinnhouse.com\/neler-yapabiliriz\/#breadcrumb","itemListElement":[{"@type":"ListItem","position":1,"name":"Anasayfa","item":"https:\/\/www.eylulinnhouse.com\/"},{"@type":"ListItem","position":2,"name":"Neler Yapabiliriz?"}]},{"@type":"WebSite","@id":"https:\/\/www.eylulinnhouse.com\/#website","url":"https:\/\/www.eylulinnhouse.com\/","name":"Eyl\u00fcl Inn House","description":"K\u00fc\u00e7\u00fckkuyu&#039;da Ferah Konaklama","publisher":{"@id":"https:\/\/www.eylulinnhouse.com\/#organization"},"potentialAction":[{"@type":"SearchAction","target":{"@type":"EntryPoint","urlTemplate":"https:\/\/www.eylulinnhouse.com\/?s={search_term_string}"},"query-input":"required name=search_term_string"}],"inLanguage":"en-US"},{"@type":"Organization","@id":"https:\/\/www.eylulinnhouse.com\/#organization","name":"Eyl\u00fcl Inn House","url":"https:\/\/www.eylulinnhouse.com\/","logo":{"@type":"ImageObject","inLanguage":"en-US","@id":"https:\/\/www.eylulinnhouse.com\/#\/schema\/logo\/image\/","url":"https:\/\/www.eylulinnhouse.com\/wp-content\/uploads\/2024\/06\/siteikon.png","contentUrl":"https:\/\/www.eylulinnhouse.com\/wp-content\/uploads\/2024\/06\/siteikon.png","width":261,"height":261,"caption":"Eyl\u00fcl Inn House"},"image":{"@id":"https:\/\/www.eylulinnhouse.com\/#\/schema\/logo\/image\/"},"sameAs":["https:\/\/www.instagram.com\/goldengrasstermal","https:\/\/www.facebook.com\/goldengrassthermal","https:\/\/twitter.com\/goldengrassemet"]}]}},"_links":{"self":[{"href":"https:\/\/www.eylulinnhouse.com\/en\/wp-json\/wp\/v2\/pages\/967"}],"collection":[{"href":"https:\/\/www.eylulinnhouse.com\/en\/wp-json\/wp\/v2\/pages"}],"about":[{"href":"https:\/\/www.eylulinnhouse.com\/en\/wp-json\/wp\/v2\/types\/page"}],"author":[{"embeddable":true,"href":"https:\/\/www.eylulinnhouse.com\/en\/wp-json\/wp\/v2\/users\/1"}],"replies":[{"embeddable":true,"href":"https:\/\/www.eylulinnhouse.com\/en\/wp-json\/wp\/v2\/comments?post=967"}],"version-history":[{"count":16,"href":"https:\/\/www.eylulinnhouse.com\/en\/wp-json\/wp\/v2\/pages\/967\/revisions"}],"predecessor-version":[{"id":2728,"href":"https:\/\/www.eylulinnhouse.com\/en\/wp-json\/wp\/v2\/pages\/967\/revisions\/2728"}],"wp:attachment":[{"href":"https:\/\/www.eylulinnhouse.com\/en\/wp-json\/wp\/v2\/media?parent=967"}],"curies":[{"name":"wp","href":"https:\/\/api.w.org\/{rel}","templated":true}]}}